{"id":622,"date":"2023-05-19T15:48:05","date_gmt":"2023-05-19T13:48:05","guid":{"rendered":"https:\/\/alpinzentrum.ch\/?page_id=622"},"modified":"2024-07-04T14:47:48","modified_gmt":"2024-07-04T12:47:48","slug":"snow-sports","status":"publish","type":"page","link":"https:\/\/alpinzentrum.ch\/de\/snow-sports\/","title":{"rendered":"Winter Aktivit\u00e4ten"},"content":{"rendered":"\t\t<div data-elementor-type=\"wp-page\" data-elementor-id=\"622\" class=\"elementor elementor-622\" data-elementor-post-type=\"page\">\n\t\t\t\t\t\t<section class=\"elementor-section elementor-top-section elementor-element elementor-element-43b91d7d elementor-section-boxed elementor-section-height-default elementor-section-height-default\" data-id=\"43b91d7d\" data-element_type=\"section\" data-settings=\"{&quot;background_background&quot;:&quot;classic&quot;}\">\n\t\t\t\t\t\t\t<div class=\"elementor-background-overlay\"><\/div>\n\t\t\t\t\t\t\t<div class=\"elementor-container elementor-column-gap-default\">\n\t\t\t\t\t<div class=\"elementor-column elementor-col-100 elementor-top-column elementor-element elementor-element-5e1e7a17\" data-id=\"5e1e7a17\" data-element_type=\"column\">\n\t\t\t<div class=\"elementor-widget-wrap elementor-element-populated\">\n\t\t\t\t\t\t<div class=\"elementor-element elementor-element-41cc7782 elementor-widget elementor-widget-heading\" data-id=\"41cc7782\" data-element_type=\"widget\" data-widget_type=\"heading.default\">\n\t\t\t\t<div class=\"elementor-widget-container\">\n\t\t\t<style>\/*! elementor - v3.22.0 - 26-06-2024 *\/\n.elementor-heading-title{padding:0;margin:0;line-height:1}.elementor-widget-heading .elementor-heading-title[class*=elementor-size-]>a{color:inherit;font-size:inherit;line-height:inherit}.elementor-widget-heading .elementor-heading-title.elementor-size-small{font-size:15px}.elementor-widget-heading .elementor-heading-title.elementor-size-medium{font-size:19px}.elementor-widget-heading .elementor-heading-title.elementor-size-large{font-size:29px}.elementor-widget-heading .elementor-heading-title.elementor-size-xl{font-size:39px}.elementor-widget-heading .elementor-heading-title.elementor-size-xxl{font-size:59px}<\/style><h2 class=\"elementor-heading-title elementor-size-default\">Winter Aktivit\u00e4ten<\/h2>\t\t<\/div>\n\t\t\t\t<\/div>\n\t\t\t\t\t<\/div>\n\t\t<\/div>\n\t\t\t\t\t<\/div>\n\t\t<\/section>\n\t\t\t\t<section class=\"elementor-section elementor-top-section elementor-element elementor-element-320c9581 elementor-section-boxed elementor-section-height-default elementor-section-height-default\" data-id=\"320c9581\" data-element_type=\"section\">\n\t\t\t\t\t\t<div class=\"elementor-container elementor-column-gap-default\">\n\t\t\t\t\t<div class=\"elementor-column elementor-col-100 elementor-top-column elementor-element elementor-element-4e746927\" data-id=\"4e746927\" data-element_type=\"column\">\n\t\t\t<div class=\"elementor-widget-wrap elementor-element-populated\">\n\t\t\t\t\t\t<div class=\"elementor-element elementor-element-3c9f4a2e premium-blog-align-left elementor-widget elementor-widget-premium-addon-blog\" data-id=\"3c9f4a2e\" data-element_type=\"widget\" data-settings=\"{&quot;premium_blog_columns_number&quot;:&quot;100%&quot;,&quot;premium_blog_infinite_scroll&quot;:&quot;yes&quot;,&quot;premium_blog_grid&quot;:&quot;yes&quot;,&quot;premium_blog_layout&quot;:&quot;even&quot;,&quot;premium_blog_columns_number_tablet&quot;:&quot;50%&quot;,&quot;premium_blog_columns_number_mobile&quot;:&quot;100%&quot;,&quot;scroll_to_offset&quot;:&quot;yes&quot;}\" data-widget_type=\"premium-addon-blog.default\">\n\t\t\t\t<div class=\"elementor-widget-container\">\n\t\t\t\n\t\t\t\t\t\t\t<div class=\"premium-blog-filter\">\n\t\t\t<ul class=\"premium-blog-filters-container\">\n\t\t\t\t\t\t\t\t\t<li>\n\t\t\t\t\t\t<a href=\"javascript:;\" class=\"category active\" data-filter=\"*\">\n\t\t\t\t\t\t\tAll\t\t\t\t\t\t<\/a>\n\t\t\t\t\t<\/li>\n\t\t\t\t\t\t\t\t\t\t\t\t\t\t<li>\n\t\t\t\t\t\t\t<a href=\"javascript:;\" class=\"category\" data-filter=\"ice\">\n\t\t\t\t\t\t\t\tIce\t\t\t\t\t\t\t<\/a>\n\t\t\t\t\t\t<\/li>\n\t\t\t\t\t\t\t\t\t\t<li>\n\t\t\t\t\t\t\t<a href=\"javascript:;\" class=\"category\" data-filter=\"ski\">\n\t\t\t\t\t\t\t\tSki\t\t\t\t\t\t\t<\/a>\n\t\t\t\t\t\t<\/li>\n\t\t\t\t\t\t\t\t\t\t<li>\n\t\t\t\t\t\t\t<a href=\"javascript:;\" class=\"category\" data-filter=\"snowboard\">\n\t\t\t\t\t\t\t\tSnowboard\t\t\t\t\t\t\t<\/a>\n\t\t\t\t\t\t<\/li>\n\t\t\t\t\t\t\t\t\t\t<li>\n\t\t\t\t\t\t\t<a href=\"javascript:;\" class=\"category\" data-filter=\"touren\">\n\t\t\t\t\t\t\t\tTouren\t\t\t\t\t\t\t<\/a>\n\t\t\t\t\t\t<\/li>\n\t\t\t\t\t\t\t<\/ul>\n\t\t<\/div>\n\t\t\t\t\t\t<div class=\"premium-blog-wrap  premium-blog-even\" data-page=\"622\">\n\t\t\t\t\t<div class=\"premium-blog-post-outer-container ski snowboard touren\" data-total=\"3\">\n\t\t\t<div class=\"premium-blog-post-container premium-blog-skin-side\">\n\t\t\t\t\t\t\t\t\t<div class=\"premium-blog-thumb-effect-wrapper\">\n\t\t\t\t\t\t<div class=\"premium-blog-thumbnail-container premium-blog-zoomin-effect\">\n\t\t\t\t\t\t\t<img fetchpriority=\"high\" width=\"1680\" height=\"2100\" src=\"https:\/\/alpinzentrum.ch\/wp-content\/uploads\/2024\/06\/Heliski-flyby_bearbeitet.jpg\" class=\"attachment-full size-full wp-image-3688\" alt=\"\" decoding=\"async\" srcset=\"https:\/\/alpinzentrum.ch\/wp-content\/uploads\/2024\/06\/Heliski-flyby_bearbeitet.jpg 1680w, https:\/\/alpinzentrum.ch\/wp-content\/uploads\/2024\/06\/Heliski-flyby_bearbeitet-240x300.jpg 240w, https:\/\/alpinzentrum.ch\/wp-content\/uploads\/2024\/06\/Heliski-flyby_bearbeitet-819x1024.jpg 819w, https:\/\/alpinzentrum.ch\/wp-content\/uploads\/2024\/06\/Heliski-flyby_bearbeitet-768x960.jpg 768w, https:\/\/alpinzentrum.ch\/wp-content\/uploads\/2024\/06\/Heliski-flyby_bearbeitet-1229x1536.jpg 1229w, https:\/\/alpinzentrum.ch\/wp-content\/uploads\/2024\/06\/Heliski-flyby_bearbeitet-1638x2048.jpg 1638w\" sizes=\"(max-width: 1680px) 100vw, 1680px\" \/>\t\t\t\t\t\t<\/div>\n\t\t\t\t\t\t\t\t\t\t\t\t\t<div class=\"premium-blog-thumbnail-overlay\">\n\t\t\t\t\t\t\t\t<a class=\"elementor-icon\" href=\"https:\/\/alpinzentrum.ch\/de\/heliski-freeriden\/\" target=\"_self\" aria-hidden=\"true\"><span>Heliski &#038; Freeriden<\/span><\/a>\n\t\t\t\t\t\t\t<\/div>\n\n\t\t\t\t\t\t\t\t\t\t\t\t\t\t\t\t\t\t<\/div>\n\t\t\t\t\t\t\t\t\t\t\t\t<div class=\"premium-blog-content-wrapper \">\n\n\t\t\t\t\t<div class=\"premium-blog-inner-container\">\n\n\t\t\t\t\t\t\t\t\t\t\t\t\t<div class=\"premium-blog-cats-container\">\n\t\t\t\t\t\t\t\t<ul class=\"post-categories\">\n\t\t\t\t\t\t\t\t\t<li><a href=\"https:\/\/alpinzentrum.ch\/de\/category\/ski\/\" class=\"elementor-repeater-item-39e9084\">Ski<\/a><\/li><li><a href=\"https:\/\/alpinzentrum.ch\/de\/category\/snowboard\/\" class=\"\">Snowboard<\/a><\/li><li><a href=\"https:\/\/alpinzentrum.ch\/de\/category\/touren\/\" class=\"\">Touren<\/a><\/li>\t\t\t\t\t\t\t\t<\/ul>\n\t\t\t\t\t\t\t<\/div>\n\t\t\t\t\t\t\t\t\t\t\t\t\t\t<h2 class=\"premium-blog-entry-title\">\n\t\t\t<a href=\"https:\/\/alpinzentrum.ch\/de\/heliski-freeriden\/\" target=\"_self\">\n\t\t\t\tHeliski &#038; Freeriden\t\t\t<\/a>\n\t\t<\/h2>\n\t\t\t\t<div class=\"premium-blog-entry-meta\">\n\t\t\t\n\t\t\t\n\t\t\t\n\t\t\t\t\t<\/div>\n\t\t\n\t\t\t\t\t<\/div>\n\n\t\t\t\t\t\t\t<div class=\"premium-blog-content-inner-wrapper\">\n\t\t<p class=\"premium-blog-post-content\">HELISKI &amp; FREERIDEN Nach wenigen Minuten wirst du vom Helikopter im Niemandsland abgesetzt. Die atemberaubenden Abfahrten in den Bergen lassen den Puls unaufhaltsam steigen. Auf dem Weg ins Tal wirst du vom Panorama der Alpen und dem Pulver- oder Sulzschnee verzaubert. Eine unvergessliches Abenteuer, von dem bestimmt noch lange die Rede sein wird! INFORMATIONEN: Wallig [&hellip;]<\/p><div class=\"premium-blog-excerpt-link-wrap\"><a href=\"https:\/\/alpinzentrum.ch\/de\/heliski-freeriden\/\" target=\"_self\" class=\"premium-blog-excerpt-link elementor-button\">Mehr infos \u00bb<\/a><\/div>\t\t<\/div>\n\t\t\t\t\t\t\t\n\t\t\t\t<\/div>\n\t\t\t<\/div>\n\t\t<\/div>\n\n\t\t\t\t<div class=\"premium-blog-post-outer-container touren\" data-total=\"3\">\n\t\t\t<div class=\"premium-blog-post-container premium-blog-skin-side\">\n\t\t\t\t\t\t\t\t\t<div class=\"premium-blog-thumb-effect-wrapper\">\n\t\t\t\t\t\t<div class=\"premium-blog-thumbnail-container premium-blog-zoomin-effect\">\n\t\t\t\t\t\t\t<img width=\"2560\" height=\"1707\" src=\"https:\/\/alpinzentrum.ch\/wp-content\/uploads\/2024\/06\/Schneeschuh-laufen.jpeg\" class=\"attachment-full size-full wp-image-2540\" alt=\"\" decoding=\"async\" srcset=\"https:\/\/alpinzentrum.ch\/wp-content\/uploads\/2024\/06\/Schneeschuh-laufen.jpeg 2560w, https:\/\/alpinzentrum.ch\/wp-content\/uploads\/2024\/06\/Schneeschuh-laufen-300x200.jpeg 300w, https:\/\/alpinzentrum.ch\/wp-content\/uploads\/2024\/06\/Schneeschuh-laufen-1024x683.jpeg 1024w, https:\/\/alpinzentrum.ch\/wp-content\/uploads\/2024\/06\/Schneeschuh-laufen-768x512.jpeg 768w, https:\/\/alpinzentrum.ch\/wp-content\/uploads\/2024\/06\/Schneeschuh-laufen-1536x1024.jpeg 1536w, https:\/\/alpinzentrum.ch\/wp-content\/uploads\/2024\/06\/Schneeschuh-laufen-2048x1366.jpeg 2048w\" sizes=\"(max-width: 2560px) 100vw, 2560px\" \/>\t\t\t\t\t\t<\/div>\n\t\t\t\t\t\t\t\t\t\t\t\t\t<div class=\"premium-blog-thumbnail-overlay\">\n\t\t\t\t\t\t\t\t<a class=\"elementor-icon\" href=\"https:\/\/alpinzentrum.ch\/de\/schneeschuh-laufen\/\" target=\"_self\" aria-hidden=\"true\"><span>Schneeschuh laufen<\/span><\/a>\n\t\t\t\t\t\t\t<\/div>\n\n\t\t\t\t\t\t\t\t\t\t\t\t\t\t\t\t\t\t<\/div>\n\t\t\t\t\t\t\t\t\t\t\t\t<div class=\"premium-blog-content-wrapper \">\n\n\t\t\t\t\t<div class=\"premium-blog-inner-container\">\n\n\t\t\t\t\t\t\t\t\t\t\t\t\t<div class=\"premium-blog-cats-container\">\n\t\t\t\t\t\t\t\t<ul class=\"post-categories\">\n\t\t\t\t\t\t\t\t\t<li><a href=\"https:\/\/alpinzentrum.ch\/de\/category\/touren\/\" class=\"elementor-repeater-item-39e9084\">Touren<\/a><\/li>\t\t\t\t\t\t\t\t<\/ul>\n\t\t\t\t\t\t\t<\/div>\n\t\t\t\t\t\t\t\t\t\t\t\t\t\t<h2 class=\"premium-blog-entry-title\">\n\t\t\t<a href=\"https:\/\/alpinzentrum.ch\/de\/schneeschuh-laufen\/\" target=\"_self\">\n\t\t\t\tSchneeschuh laufen\t\t\t<\/a>\n\t\t<\/h2>\n\t\t\t\t<div class=\"premium-blog-entry-meta\">\n\t\t\t\n\t\t\t\n\t\t\t\n\t\t\t\t\t<\/div>\n\t\t\n\t\t\t\t\t<\/div>\n\n\t\t\t\t\t\t\t<div class=\"premium-blog-content-inner-wrapper\">\n\t\t<p class=\"premium-blog-post-content\">SCHNEESCHUH LAUFEN Mit angeschnallten Schneeschuhen geht&#8217;s los! Du durchquerst unber\u00fchrte Schneefelder, tief verschneite Birkenw\u00e4lder und wanderst an vereisten Wasserf\u00e4llen vorbei. Unsere ortskundigen Guides zeigen dir die sch\u00f6nsten Pl\u00e4tze der Region, wo du dich in der Ruhe der Natur erholen kannst.&nbsp;<\/p><div class=\"premium-blog-excerpt-link-wrap\"><a href=\"https:\/\/alpinzentrum.ch\/de\/schneeschuh-laufen\/\" target=\"_self\" class=\"premium-blog-excerpt-link elementor-button\">Mehr infos \u00bb<\/a><\/div>\t\t<\/div>\n\t\t\t\t\t\t\t\n\t\t\t\t<\/div>\n\t\t\t<\/div>\n\t\t<\/div>\n\n\t\t\t\t<div class=\"premium-blog-post-outer-container ice touren\" data-total=\"3\">\n\t\t\t<div class=\"premium-blog-post-container premium-blog-skin-side\">\n\t\t\t\t\t\t\t\t\t<div class=\"premium-blog-thumb-effect-wrapper\">\n\t\t\t\t\t\t<div class=\"premium-blog-thumbnail-container premium-blog-zoomin-effect\">\n\t\t\t\t\t\t\t<img width=\"2560\" height=\"2560\" src=\"https:\/\/alpinzentrum.ch\/wp-content\/uploads\/2024\/06\/Glacier-Walk-2-scaled.jpg\" class=\"attachment-full size-full wp-image-3068\" alt=\"\" decoding=\"async\" srcset=\"https:\/\/alpinzentrum.ch\/wp-content\/uploads\/2024\/06\/Glacier-Walk-2-scaled.jpg 2560w, https:\/\/alpinzentrum.ch\/wp-content\/uploads\/2024\/06\/Glacier-Walk-2-300x300.jpg 300w, https:\/\/alpinzentrum.ch\/wp-content\/uploads\/2024\/06\/Glacier-Walk-2-1024x1024.jpg 1024w, https:\/\/alpinzentrum.ch\/wp-content\/uploads\/2024\/06\/Glacier-Walk-2-150x150.jpg 150w, https:\/\/alpinzentrum.ch\/wp-content\/uploads\/2024\/06\/Glacier-Walk-2-768x768.jpg 768w, https:\/\/alpinzentrum.ch\/wp-content\/uploads\/2024\/06\/Glacier-Walk-2-1536x1536.jpg 1536w, https:\/\/alpinzentrum.ch\/wp-content\/uploads\/2024\/06\/Glacier-Walk-2-2048x2048.jpg 2048w\" sizes=\"(max-width: 2560px) 100vw, 2560px\" \/>\t\t\t\t\t\t<\/div>\n\t\t\t\t\t\t\t\t\t\t\t\t\t<div class=\"premium-blog-thumbnail-overlay\">\n\t\t\t\t\t\t\t\t<a class=\"elementor-icon\" href=\"https:\/\/alpinzentrum.ch\/de\/gletscher-abenteuer\/\" target=\"_self\" aria-hidden=\"true\"><span>Gletscher Abenteuer<\/span><\/a>\n\t\t\t\t\t\t\t<\/div>\n\n\t\t\t\t\t\t\t\t\t\t\t\t\t\t\t\t\t\t<\/div>\n\t\t\t\t\t\t\t\t\t\t\t\t<div class=\"premium-blog-content-wrapper \">\n\n\t\t\t\t\t<div class=\"premium-blog-inner-container\">\n\n\t\t\t\t\t\t\t\t\t\t\t\t\t<div class=\"premium-blog-cats-container\">\n\t\t\t\t\t\t\t\t<ul class=\"post-categories\">\n\t\t\t\t\t\t\t\t\t<li><a href=\"https:\/\/alpinzentrum.ch\/de\/category\/ice\/\" class=\"elementor-repeater-item-39e9084\">Ice<\/a><\/li><li><a href=\"https:\/\/alpinzentrum.ch\/de\/category\/touren\/\" class=\"\">Touren<\/a><\/li>\t\t\t\t\t\t\t\t<\/ul>\n\t\t\t\t\t\t\t<\/div>\n\t\t\t\t\t\t\t\t\t\t\t\t\t\t<h2 class=\"premium-blog-entry-title\">\n\t\t\t<a href=\"https:\/\/alpinzentrum.ch\/de\/gletscher-abenteuer\/\" target=\"_self\">\n\t\t\t\tGletscher Abenteuer\t\t\t<\/a>\n\t\t<\/h2>\n\t\t\t\t<div class=\"premium-blog-entry-meta\">\n\t\t\t\n\t\t\t\n\t\t\t\n\t\t\t\t\t<\/div>\n\t\t\n\t\t\t\t\t<\/div>\n\n\t\t\t\t\t\t\t<div class=\"premium-blog-content-inner-wrapper\">\n\t\t<p class=\"premium-blog-post-content\">GLETSCHER ABENTEUER Im Fr\u00fchling, Sommer und Herbst den Winter erleben. Mit einem Spezialflugzeug oder dem Helikopter stattet Ihre Gruppe dem ewigen Schnee einen Besuch ab. Sie erkunden gemeinsam den Gletscher und begegnen der jahrtausend alten Geschichte des Eises, wenn Sie sich in Gletscherspalten vorwagen. Zudem k\u00f6nnen Sie die einmalige Aussicht auf die Schweizer Alpen geniessen.<\/p><div class=\"premium-blog-excerpt-link-wrap\"><a href=\"https:\/\/alpinzentrum.ch\/de\/gletscher-abenteuer\/\" target=\"_self\" class=\"premium-blog-excerpt-link elementor-button\">Mehr infos \u00bb<\/a><\/div>\t\t<\/div>\n\t\t\t\t\t\t\t\n\t\t\t\t<\/div>\n\t\t\t<\/div>\n\t\t<\/div>\n\n\t\t\t\t<div class=\"premium-blog-post-outer-container ice\" data-total=\"3\">\n\t\t\t<div class=\"premium-blog-post-container premium-blog-skin-side\">\n\t\t\t\t\t\t\t\t\t<div class=\"premium-blog-thumb-effect-wrapper\">\n\t\t\t\t\t\t<div class=\"premium-blog-thumbnail-container premium-blog-zoomin-effect\">\n\t\t\t\t\t\t\t<img loading=\"lazy\" width=\"754\" height=\"435\" src=\"https:\/\/alpinzentrum.ch\/wp-content\/uploads\/2024\/06\/Eisklettern.jpeg\" class=\"attachment-full size-full wp-image-2551\" alt=\"\" decoding=\"async\" srcset=\"https:\/\/alpinzentrum.ch\/wp-content\/uploads\/2024\/06\/Eisklettern.jpeg 754w, https:\/\/alpinzentrum.ch\/wp-content\/uploads\/2024\/06\/Eisklettern-300x173.jpeg 300w\" sizes=\"(max-width: 754px) 100vw, 754px\" \/>\t\t\t\t\t\t<\/div>\n\t\t\t\t\t\t\t\t\t\t\t\t\t<div class=\"premium-blog-thumbnail-overlay\">\n\t\t\t\t\t\t\t\t<a class=\"elementor-icon\" href=\"https:\/\/alpinzentrum.ch\/de\/eisklettern\/\" target=\"_self\" aria-hidden=\"true\"><span>Eisklettern<\/span><\/a>\n\t\t\t\t\t\t\t<\/div>\n\n\t\t\t\t\t\t\t\t\t\t\t\t\t\t\t\t\t\t<\/div>\n\t\t\t\t\t\t\t\t\t\t\t\t<div class=\"premium-blog-content-wrapper \">\n\n\t\t\t\t\t<div class=\"premium-blog-inner-container\">\n\n\t\t\t\t\t\t\t\t\t\t\t\t\t<div class=\"premium-blog-cats-container\">\n\t\t\t\t\t\t\t\t<ul class=\"post-categories\">\n\t\t\t\t\t\t\t\t\t<li><a href=\"https:\/\/alpinzentrum.ch\/de\/category\/ice\/\" class=\"elementor-repeater-item-39e9084\">Ice<\/a><\/li>\t\t\t\t\t\t\t\t<\/ul>\n\t\t\t\t\t\t\t<\/div>\n\t\t\t\t\t\t\t\t\t\t\t\t\t\t<h2 class=\"premium-blog-entry-title\">\n\t\t\t<a href=\"https:\/\/alpinzentrum.ch\/de\/eisklettern\/\" target=\"_self\">\n\t\t\t\tEisklettern\t\t\t<\/a>\n\t\t<\/h2>\n\t\t\t\t<div class=\"premium-blog-entry-meta\">\n\t\t\t\n\t\t\t\n\t\t\t\n\t\t\t\t\t<\/div>\n\t\t\n\t\t\t\t\t<\/div>\n\n\t\t\t\t\t\t\t<div class=\"premium-blog-content-inner-wrapper\">\n\t\t<p class=\"premium-blog-post-content\">EISKLETTERN Eisklettern an gefrorenen Wasserf\u00e4llen ist weit mehr als nur ein Gegenst\u00fcck zum Sportklettern am Fels.&nbsp;Das Hochturnen an glitzernden Eiskaskaden und -s\u00e4ulen, nur an den Zacken der Eisger\u00e4te und Steigeisen&nbsp;h\u00e4ngend, ist ein hochalpines Abenteuer f\u00fcr sich. Es dient auch als Training f\u00fcr steile Eistouren.<\/p><div class=\"premium-blog-excerpt-link-wrap\"><a href=\"https:\/\/alpinzentrum.ch\/de\/eisklettern\/\" target=\"_self\" class=\"premium-blog-excerpt-link elementor-button\">Mehr infos \u00bb<\/a><\/div>\t\t<\/div>\n\t\t\t\t\t\t\t\n\t\t\t\t<\/div>\n\t\t\t<\/div>\n\t\t<\/div>\n\n\t\t\t\t<\/div>\n\n\t\t\t\t<\/div>\n\t\t\t\t<\/div>\n\t\t\t\t\t<\/div>\n\t\t<\/div>\n\t\t\t\t\t<\/div>\n\t\t<\/section>\n\t\t\t\t<\/div>\n\t\t","protected":false},"excerpt":{"rendered":"<p>All Ice Ski Snowboard Touren Ski Ski Ski SKI Bringe deine Ski-Skills auf ein neues Level! Beim Skifahren mit unseren ausgebildete Skilehrern profitierst du von professionellem Coaching und Unterst\u00fctzung. Weitere Info &amp; Buchungen:&nbsp;www.skischulesaanenmoeser.ch Mehr infos \u00bb Langlauf Ski Langlauf LANGLAUF Du m\u00f6chtest auch im Winter etwas f\u00fcr deine Ausdauer machen? Wie w\u00e4re es mit Langlauf? [&hellip;]<\/p>\n","protected":false},"author":2,"featured_media":658,"parent":0,"menu_order":0,"comment_status":"closed","ping_status":"closed","template":"elementor_header_footer","meta":[],"_links":{"self":[{"href":"https:\/\/alpinzentrum.ch\/de\/wp-json\/wp\/v2\/pages\/622"}],"collection":[{"href":"https:\/\/alpinzentrum.ch\/de\/wp-json\/wp\/v2\/pages"}],"about":[{"href":"https:\/\/alpinzentrum.ch\/de\/wp-json\/wp\/v2\/types\/page"}],"author":[{"embeddable":true,"href":"https:\/\/alpinzentrum.ch\/de\/wp-json\/wp\/v2\/users\/2"}],"replies":[{"embeddable":true,"href":"https:\/\/alpinzentrum.ch\/de\/wp-json\/wp\/v2\/comments?post=622"}],"version-history":[{"count":117,"href":"https:\/\/alpinzentrum.ch\/de\/wp-json\/wp\/v2\/pages\/622\/revisions"}],"predecessor-version":[{"id":3539,"href":"https:\/\/alpinzentrum.ch\/de\/wp-json\/wp\/v2\/pages\/622\/revisions\/3539"}],"wp:featuredmedia":[{"embeddable":true,"href":"https:\/\/alpinzentrum.ch\/de\/wp-json\/wp\/v2\/media\/658"}],"wp:attachment":[{"href":"https:\/\/alpinzentrum.ch\/de\/wp-json\/wp\/v2\/media?parent=622"}],"curies":[{"name":"wp","href":"https:\/\/api.w.org\/{rel}","templated":true}]}}