{"id":2225,"date":"2023-05-16T15:12:07","date_gmt":"2023-05-16T13:12:07","guid":{"rendered":"https:\/\/alpinzentrum.ch\/home\/"},"modified":"2024-07-14T12:41:52","modified_gmt":"2024-07-14T10:41:52","slug":"home","status":"publish","type":"page","link":"https:\/\/alpinzentrum.ch\/fr\/","title":{"rendered":"HOME"},"content":{"rendered":"\t\t<div data-elementor-type=\"wp-page\" data-elementor-id=\"2225\" class=\"elementor elementor-2225 elementor-94\" data-elementor-post-type=\"page\">\n\t\t\t\t\t\t<section class=\"elementor-section elementor-top-section elementor-element elementor-element-2f4b1a52 elementor-section-boxed elementor-section-height-default elementor-section-height-default\" data-id=\"2f4b1a52\" data-element_type=\"section\" data-settings=\"{&quot;background_background&quot;:&quot;slideshow&quot;,&quot;background_slideshow_ken_burns&quot;:&quot;yes&quot;,&quot;background_slideshow_gallery&quot;:[{&quot;id&quot;:216,&quot;url&quot;:&quot;https:\\\/\\\/alpinzentrum.ch\\\/wp-content\\\/uploads\\\/2023\\\/05\\\/Ski-single-scaled.jpg&quot;},{&quot;id&quot;:208,&quot;url&quot;:&quot;https:\\\/\\\/alpinzentrum.ch\\\/wp-content\\\/uploads\\\/2023\\\/05\\\/Seilbruecke-Ueberquerung-Gruppe-scaled.jpg&quot;},{&quot;id&quot;:3812,&quot;url&quot;:&quot;https:\\\/\\\/alpinzentrum.ch\\\/wp-content\\\/uploads\\\/2024\\\/07\\\/Rafting-Splash-WEB-scaled.jpg&quot;},{&quot;id&quot;:3765,&quot;url&quot;:&quot;https:\\\/\\\/alpinzentrum.ch\\\/wp-content\\\/uploads\\\/2024\\\/07\\\/Seilpark-Plattform-und-sichern-scaled.jpg&quot;},{&quot;id&quot;:175,&quot;url&quot;:&quot;https:\\\/\\\/alpinzentrum.ch\\\/wp-content\\\/uploads\\\/2023\\\/05\\\/IJ-Gruppe-scaled.jpg&quot;},{&quot;id&quot;:188,&quot;url&quot;:&quot;https:\\\/\\\/alpinzentrum.ch\\\/wp-content\\\/uploads\\\/2023\\\/05\\\/La-Tine-Portraet-scaled.jpg&quot;}],&quot;background_slideshow_loop&quot;:&quot;yes&quot;,&quot;background_slideshow_slide_duration&quot;:5000,&quot;background_slideshow_slide_transition&quot;:&quot;fade&quot;,&quot;background_slideshow_transition_duration&quot;:500,&quot;background_slideshow_ken_burns_zoom_direction&quot;:&quot;in&quot;}\">\n\t\t\t\t\t\t\t<div class=\"elementor-background-overlay\"><\/div>\n\t\t\t\t\t\t\t<div class=\"elementor-container elementor-column-gap-default\">\n\t\t\t\t\t<div class=\"elementor-column elementor-col-50 elementor-top-column elementor-element elementor-element-6b87f8bd\" data-id=\"6b87f8bd\" data-element_type=\"column\">\n\t\t\t<div class=\"elementor-widget-wrap elementor-element-populated\">\n\t\t\t\t\t\t<div class=\"elementor-element elementor-element-69afca20 elementor-widget elementor-widget-heading\" data-id=\"69afca20\" data-element_type=\"widget\" data-widget_type=\"heading.default\">\n\t\t\t\t<div class=\"elementor-widget-container\">\n\t\t\t<style>\/*! elementor - v3.22.0 - 26-06-2024 *\/\n.elementor-heading-title{padding:0;margin:0;line-height:1}.elementor-widget-heading .elementor-heading-title[class*=elementor-size-]>a{color:inherit;font-size:inherit;line-height:inherit}.elementor-widget-heading .elementor-heading-title.elementor-size-small{font-size:15px}.elementor-widget-heading .elementor-heading-title.elementor-size-medium{font-size:19px}.elementor-widget-heading .elementor-heading-title.elementor-size-large{font-size:29px}.elementor-widget-heading .elementor-heading-title.elementor-size-xl{font-size:39px}.elementor-widget-heading .elementor-heading-title.elementor-size-xxl{font-size:59px}<\/style><h2 class=\"elementor-heading-title elementor-size-default\">Vivez des aventures avec nous, dans l'eau, \nsur la roche &amp; dans la neige<\/h2>\t\t<\/div>\n\t\t\t\t<\/div>\n\t\t\t\t<div class=\"elementor-element elementor-element-46b28a32 elementor-widget elementor-widget-spacer\" data-id=\"46b28a32\" data-element_type=\"widget\" data-widget_type=\"spacer.default\">\n\t\t\t\t<div class=\"elementor-widget-container\">\n\t\t\t<style>\/*! elementor - v3.22.0 - 26-06-2024 *\/\n.elementor-column .elementor-spacer-inner{height:var(--spacer-size)}.e-con{--container-widget-width:100%}.e-con-inner>.elementor-widget-spacer,.e-con>.elementor-widget-spacer{width:var(--container-widget-width,var(--spacer-size));--align-self:var(--container-widget-align-self,initial);--flex-shrink:0}.e-con-inner>.elementor-widget-spacer>.elementor-widget-container,.e-con>.elementor-widget-spacer>.elementor-widget-container{height:100%;width:100%}.e-con-inner>.elementor-widget-spacer>.elementor-widget-container>.elementor-spacer,.e-con>.elementor-widget-spacer>.elementor-widget-container>.elementor-spacer{height:100%}.e-con-inner>.elementor-widget-spacer>.elementor-widget-container>.elementor-spacer>.elementor-spacer-inner,.e-con>.elementor-widget-spacer>.elementor-widget-container>.elementor-spacer>.elementor-spacer-inner{height:var(--container-widget-height,var(--spacer-size))}.e-con-inner>.elementor-widget-spacer.elementor-widget-empty,.e-con>.elementor-widget-spacer.elementor-widget-empty{position:relative;min-height:22px;min-width:22px}.e-con-inner>.elementor-widget-spacer.elementor-widget-empty .elementor-widget-empty-icon,.e-con>.elementor-widget-spacer.elementor-widget-empty .elementor-widget-empty-icon{position:absolute;top:0;bottom:0;left:0;right:0;margin:auto;padding:0;width:22px;height:22px}<\/style>\t\t<div class=\"elementor-spacer\">\n\t\t\t<div class=\"elementor-spacer-inner\"><\/div>\n\t\t<\/div>\n\t\t\t\t<\/div>\n\t\t\t\t<\/div>\n\t\t\t\t<div class=\"elementor-element elementor-element-2786518 elementor-align-left elementor-widget__width-auto elementor-widget elementor-widget-button\" data-id=\"2786518\" data-element_type=\"widget\" data-widget_type=\"button.default\">\n\t\t\t\t<div class=\"elementor-widget-container\">\n\t\t\t\t\t<div class=\"elementor-button-wrapper\">\n\t\t\t<a class=\"elementor-button elementor-button-link elementor-size-sm\" href=\"#elementor-action%3Aaction%3Dpopup%3Aopen%26settings%3DeyJpZCI6Mzc5NSwidG9nZ2xlIjpmYWxzZX0%3D\">\n\t\t\t\t\t\t<span class=\"elementor-button-content-wrapper\">\n\t\t\t\t\t\t<span class=\"elementor-button-icon\">\n\t\t\t\t<i aria-hidden=\"true\" class=\"far fa-comment-dots\"><\/i>\t\t\t<\/span>\n\t\t\t\t\t\t\t\t\t<span class=\"elementor-button-text\">R\u00e9servation<\/span>\n\t\t\t\t\t<\/span>\n\t\t\t\t\t<\/a>\n\t\t<\/div>\n\t\t\t\t<\/div>\n\t\t\t\t<\/div>\n\t\t\t\t<div class=\"elementor-element elementor-element-74be3604 elementor-widget__width-initial elementor-widget-mobile__width-inherit elementor-widget elementor-widget-text-editor\" data-id=\"74be3604\" data-element_type=\"widget\" data-widget_type=\"text-editor.default\">\n\t\t\t\t<div class=\"elementor-widget-container\">\n\t\t\t<style>\/*! elementor - v3.22.0 - 26-06-2024 *\/\n.elementor-widget-text-editor.elementor-drop-cap-view-stacked .elementor-drop-cap{background-color:#69727d;color:#fff}.elementor-widget-text-editor.elementor-drop-cap-view-framed .elementor-drop-cap{color:#69727d;border:3px solid;background-color:transparent}.elementor-widget-text-editor:not(.elementor-drop-cap-view-default) .elementor-drop-cap{margin-top:8px}.elementor-widget-text-editor:not(.elementor-drop-cap-view-default) .elementor-drop-cap-letter{width:1em;height:1em}.elementor-widget-text-editor .elementor-drop-cap{float:left;text-align:center;line-height:1;font-size:50px}.elementor-widget-text-editor .elementor-drop-cap-letter{display:inline-block}<\/style>\t\t\t\t<p>N&rsquo;h\u00e9sitez pas \u00e0 nous contacter si vous avez des questions!<\/p>\n\t\t\t\t\t\t<\/div>\n\t\t\t\t<\/div>\n\t\t\t\t\t<\/div>\n\t\t<\/div>\n\t\t\t\t<div class=\"elementor-column elementor-col-50 elementor-top-column elementor-element elementor-element-24ddb21\" data-id=\"24ddb21\" data-element_type=\"column\">\n\t\t\t<div class=\"elementor-widget-wrap\">\n\t\t\t\t\t\t\t<\/div>\n\t\t<\/div>\n\t\t\t\t\t<\/div>\n\t\t<\/section>\n\t\t\t\t<section class=\"elementor-section elementor-top-section elementor-element elementor-element-c3b5b5 elementor-reverse-tablet elementor-reverse-mobile elementor-section-boxed elementor-section-height-default elementor-section-height-default\" data-id=\"c3b5b5\" data-element_type=\"section\" data-settings=\"{&quot;background_background&quot;:&quot;classic&quot;}\">\n\t\t\t\t\t\t<div class=\"elementor-container elementor-column-gap-default\">\n\t\t\t\t\t<div class=\"elementor-column elementor-col-100 elementor-top-column elementor-element elementor-element-348f0c1b\" data-id=\"348f0c1b\" data-element_type=\"column\">\n\t\t\t<div class=\"elementor-widget-wrap elementor-element-populated\">\n\t\t\t\t\t\t<section class=\"elementor-section elementor-inner-section elementor-element elementor-element-581ec45 elementor-section-boxed elementor-section-height-default elementor-section-height-default\" data-id=\"581ec45\" data-element_type=\"section\">\n\t\t\t\t\t\t<div class=\"elementor-container elementor-column-gap-no\">\n\t\t\t\t\t<div class=\"elementor-column elementor-col-100 elementor-inner-column elementor-element elementor-element-63f72bf3\" data-id=\"63f72bf3\" data-element_type=\"column\">\n\t\t\t<div class=\"elementor-widget-wrap elementor-element-populated\">\n\t\t\t\t\t\t<div class=\"elementor-element elementor-element-367b35ee elementor-widget elementor-widget-heading\" data-id=\"367b35ee\" data-element_type=\"widget\" data-widget_type=\"heading.default\">\n\t\t\t\t<div class=\"elementor-widget-container\">\n\t\t\t<h2 class=\"elementor-heading-title elementor-size-default\">Alpinzentrum Gstaad est le sp\u00e9cialiste des activit\u00e9s en plein air en Suisse<\/h2>\t\t<\/div>\n\t\t\t\t<\/div>\n\t\t\t\t\t<\/div>\n\t\t<\/div>\n\t\t\t\t\t<\/div>\n\t\t<\/section>\n\t\t\t\t<section class=\"elementor-section elementor-inner-section elementor-element elementor-element-46db1526 elementor-reverse-tablet elementor-reverse-mobile elementor-section-boxed elementor-section-height-default elementor-section-height-default\" data-id=\"46db1526\" data-element_type=\"section\">\n\t\t\t\t\t\t<div class=\"elementor-container elementor-column-gap-no\">\n\t\t\t\t\t<div class=\"elementor-column elementor-col-50 elementor-inner-column elementor-element elementor-element-4dbe9038\" data-id=\"4dbe9038\" data-element_type=\"column\">\n\t\t\t<div class=\"elementor-widget-wrap elementor-element-populated\">\n\t\t\t\t\t\t<div class=\"elementor-element elementor-element-79eeda6f elementor-widget elementor-widget-jkit_feature_list\" data-id=\"79eeda6f\" data-element_type=\"widget\" data-widget_type=\"jkit_feature_list.default\">\n\t\t\t\t<div class=\"elementor-widget-container\">\n\t\t\t<div  class=\"jeg-elementor-kit jkit-feature-list icon-position-left icon-position-left icon-position-left jeg_module___69deece1c6c4d\" ><ul class=\"feature-list-items shape-circle shape-view-stacked connector-type-classic\"><li class=\"feature-list-item elementor-repeater-item-2371330\">\n\t\t\t\t<span class=\"connector\"><\/span>\n\t\t\t\t<div class=\"feature-list-icon-box\">\n\t\t\t\t\t<div class=\"feature-list-icon-inner\">\n\t\t\t\t\t\t<span class=\"feature-list-icon\">\n\t\t\t\t\t\t\t<i aria-hidden=\"true\" class=\"fas fa-heart\"><\/i>\n\t\t\t\t\t\t<\/span>\n\t\t\t\t\t<\/div>\n\t\t\t\t<\/div>\n\t\t\t\t<div class=\"feature-list-content-box\">\n\t\t\t\t\t<h3 class=\"feature-list-title\">PRINCIPES DE BASE<\/h3><p class=\"feature-list-content\">La minimisation du risque est notre principe absolu<\/p>\n\t\t\t\t<\/div>\n\t\t\t<\/li><li class=\"feature-list-item elementor-repeater-item-b7fe5cc\">\n\t\t\t\t<span class=\"connector\"><\/span>\n\t\t\t\t<div class=\"feature-list-icon-box\">\n\t\t\t\t\t<div class=\"feature-list-icon-inner\">\n\t\t\t\t\t\t<span class=\"feature-list-icon\">\n\t\t\t\t\t\t\t<i aria-hidden=\"true\" class=\"fas fa-laugh-beam\"><\/i>\n\t\t\t\t\t\t<\/span>\n\t\t\t\t\t<\/div>\n\t\t\t\t<\/div>\n\t\t\t\t<div class=\"feature-list-content-box\">\n\t\t\t\t\t<h3 class=\"feature-list-title\">H\u00d4TES<\/h3><p class=\"feature-list-content\">Nous donnons \u00e0 chacun de nos h\u00f4tes la possibilit\u00e9 de se lancer des d\u00e9fis et d&#039;\u00e9larger son horizon<\/p>\n\t\t\t\t<\/div>\n\t\t\t<\/li><li class=\"feature-list-item elementor-repeater-item-d33c1c5\">\n\t\t\t\t<span class=\"connector\"><\/span>\n\t\t\t\t<div class=\"feature-list-icon-box\">\n\t\t\t\t\t<div class=\"feature-list-icon-inner\">\n\t\t\t\t\t\t<span class=\"feature-list-icon\">\n\t\t\t\t\t\t\t<i aria-hidden=\"true\" class=\"fas fa-tree\"><\/i>\n\t\t\t\t\t\t<\/span>\n\t\t\t\t\t<\/div>\n\t\t\t\t<\/div>\n\t\t\t\t<div class=\"feature-list-content-box\">\n\t\t\t\t\t<h3 class=\"feature-list-title\">PROTECTION DE L&#039;ENVIRONNEMENT<\/h3><p class=\"feature-list-content\">Nous travaillons dans le respect de l&#039;environnement et pr\u00e9servons l&#039;int\u00e9grit\u00e9 de la nature pour les g\u00e9n\u00e9rations futures<\/p>\n\t\t\t\t<\/div>\n\t\t\t<\/li><\/ul><\/div>\t\t<\/div>\n\t\t\t\t<\/div>\n\t\t\t\t<div class=\"elementor-element elementor-element-b63485a elementor-widget__width-auto e-transform e-transform elementor-widget elementor-widget-jkit_button\" data-id=\"b63485a\" data-element_type=\"widget\" data-settings=\"{&quot;_transform_translateX_effect_hover&quot;:{&quot;unit&quot;:&quot;px&quot;,&quot;size&quot;:&quot;10&quot;,&quot;sizes&quot;:[]},&quot;_transform_translateY_effect_hover&quot;:{&quot;unit&quot;:&quot;px&quot;,&quot;size&quot;:&quot;0&quot;,&quot;sizes&quot;:[]},&quot;_transform_scale_effect_hover&quot;:{&quot;unit&quot;:&quot;px&quot;,&quot;size&quot;:&quot;0.9&quot;,&quot;sizes&quot;:[]},&quot;_transform_translateX_effect_hover_tablet&quot;:{&quot;unit&quot;:&quot;px&quot;,&quot;size&quot;:&quot;&quot;,&quot;sizes&quot;:[]},&quot;_transform_translateX_effect_hover_mobile&quot;:{&quot;unit&quot;:&quot;px&quot;,&quot;size&quot;:&quot;&quot;,&quot;sizes&quot;:[]},&quot;_transform_translateY_effect_hover_tablet&quot;:{&quot;unit&quot;:&quot;px&quot;,&quot;size&quot;:&quot;&quot;,&quot;sizes&quot;:[]},&quot;_transform_translateY_effect_hover_mobile&quot;:{&quot;unit&quot;:&quot;px&quot;,&quot;size&quot;:&quot;&quot;,&quot;sizes&quot;:[]},&quot;_transform_scale_effect_hover_tablet&quot;:{&quot;unit&quot;:&quot;px&quot;,&quot;size&quot;:&quot;&quot;,&quot;sizes&quot;:[]},&quot;_transform_scale_effect_hover_mobile&quot;:{&quot;unit&quot;:&quot;px&quot;,&quot;size&quot;:&quot;&quot;,&quot;sizes&quot;:[]}}\" data-widget_type=\"jkit_button.default\">\n\t\t\t\t<div class=\"elementor-widget-container\">\n\t\t\t<div  class=\"jeg-elementor-kit jkit-button  icon-position-before jeg_module__1_69deece1c7a78\" ><a href=\"https:\/\/alpinzentrum.ch\/fr\/a-propos-de-nous\/\" class=\"jkit-button-wrapper\"><i aria-hidden=\"true\" class=\"fas fa-arrow-right\"><\/i>Plus d&#039;infos<\/a><\/div>\t\t<\/div>\n\t\t\t\t<\/div>\n\t\t\t\t\t<\/div>\n\t\t<\/div>\n\t\t\t\t<div class=\"elementor-column elementor-col-50 elementor-inner-column elementor-element elementor-element-2aefd3c5\" data-id=\"2aefd3c5\" data-element_type=\"column\" data-settings=\"{&quot;background_background&quot;:&quot;classic&quot;}\">\n\t\t\t<div class=\"elementor-widget-wrap elementor-element-populated\">\n\t\t\t\t\t<div class=\"elementor-background-overlay\"><\/div>\n\t\t\t\t\t\t<div class=\"elementor-element elementor-element-24c59cf2 elementor-widget elementor-widget-spacer\" data-id=\"24c59cf2\" data-element_type=\"widget\" data-widget_type=\"spacer.default\">\n\t\t\t\t<div class=\"elementor-widget-container\">\n\t\t\t\t\t<div class=\"elementor-spacer\">\n\t\t\t<div class=\"elementor-spacer-inner\"><\/div>\n\t\t<\/div>\n\t\t\t\t<\/div>\n\t\t\t\t<\/div>\n\t\t\t\t\t<\/div>\n\t\t<\/div>\n\t\t\t\t\t<\/div>\n\t\t<\/section>\n\t\t\t\t\t<\/div>\n\t\t<\/div>\n\t\t\t\t\t<\/div>\n\t\t<\/section>\n\t\t\t\t<section class=\"elementor-section elementor-top-section elementor-element elementor-element-17e5e66f elementor-section-boxed elementor-section-height-default elementor-section-height-default\" data-id=\"17e5e66f\" data-element_type=\"section\" data-settings=\"{&quot;background_background&quot;:&quot;classic&quot;}\">\n\t\t\t\t\t\t<div class=\"elementor-container elementor-column-gap-default\">\n\t\t\t\t\t<div class=\"elementor-column elementor-col-100 elementor-top-column elementor-element elementor-element-da71039\" data-id=\"da71039\" data-element_type=\"column\">\n\t\t\t<div class=\"elementor-widget-wrap elementor-element-populated\">\n\t\t\t\t\t\t<div class=\"elementor-element elementor-element-31e9d848 elementor-widget__width-initial elementor-widget-tablet__width-initial elementor-widget elementor-widget-heading\" data-id=\"31e9d848\" data-element_type=\"widget\" data-widget_type=\"heading.default\">\n\t\t\t\t<div class=\"elementor-widget-container\">\n\t\t\t<h2 class=\"elementor-heading-title elementor-size-default\">Activit\u00e9s en plein air<\/h2>\t\t<\/div>\n\t\t\t\t<\/div>\n\t\t\t\t\t<\/div>\n\t\t<\/div>\n\t\t\t\t\t<\/div>\n\t\t<\/section>\n\t\t\t\t<section class=\"elementor-section elementor-top-section elementor-element elementor-element-b59fede elementor-section-boxed elementor-section-height-default elementor-section-height-default\" data-id=\"b59fede\" data-element_type=\"section\">\n\t\t\t\t\t\t<div class=\"elementor-container elementor-column-gap-default\">\n\t\t\t\t\t<div class=\"elementor-column elementor-col-33 elementor-top-column elementor-element elementor-element-1893953\" data-id=\"1893953\" data-element_type=\"column\">\n\t\t\t<div class=\"elementor-widget-wrap elementor-element-populated\">\n\t\t\t\t\t\t<div class=\"elementor-element elementor-element-0a4c597 elementor-widget elementor-widget-image\" data-id=\"0a4c597\" data-element_type=\"widget\" data-widget_type=\"image.default\">\n\t\t\t\t<div class=\"elementor-widget-container\">\n\t\t\t<style>\/*! elementor - v3.22.0 - 26-06-2024 *\/\n.elementor-widget-image{text-align:center}.elementor-widget-image a{display:inline-block}.elementor-widget-image a img[src$=\".svg\"]{width:48px}.elementor-widget-image img{vertical-align:middle;display:inline-block}<\/style>\t\t\t\t\t\t\t\t\t\t\t<a href=\"https:\/\/alpinzentrum.ch\/fr\/activites-dete\/\">\n\t\t\t\t\t\t\t<img fetchpriority=\"high\" width=\"800\" height=\"534\" src=\"https:\/\/alpinzentrum.ch\/wp-content\/uploads\/2024\/06\/Sommer-1024x683.jpg\" class=\"attachment-large size-large wp-image-2245\" alt=\"\" decoding=\"async\" srcset=\"https:\/\/alpinzentrum.ch\/wp-content\/uploads\/2024\/06\/Sommer-1024x683.jpg 1024w, https:\/\/alpinzentrum.ch\/wp-content\/uploads\/2024\/06\/Sommer-300x200.jpg 300w, https:\/\/alpinzentrum.ch\/wp-content\/uploads\/2024\/06\/Sommer-768x512.jpg 768w, https:\/\/alpinzentrum.ch\/wp-content\/uploads\/2024\/06\/Sommer-1536x1024.jpg 1536w, https:\/\/alpinzentrum.ch\/wp-content\/uploads\/2024\/06\/Sommer-2048x1365.jpg 2048w\" sizes=\"(max-width: 800px) 100vw, 800px\" \/>\t\t\t\t\t\t\t\t<\/a>\n\t\t\t\t\t\t\t\t\t\t\t\t\t<\/div>\n\t\t\t\t<\/div>\n\t\t\t\t<div class=\"elementor-element elementor-element-765219d elementor-widget elementor-widget-heading\" data-id=\"765219d\" data-element_type=\"widget\" data-widget_type=\"heading.default\">\n\t\t\t\t<div class=\"elementor-widget-container\">\n\t\t\t<h2 class=\"elementor-heading-title elementor-size-default\"><span style=\"color: var( --e-global-color-secondary ); font-family: var( --e-global-typography-58453bc-font-family ), Sans-serif; font-size: var( --e-global-typography-58453bc-font-size ); font-weight: var( --e-global-typography-58453bc-font-weight ); background-color: var( --e-global-color-primary );\">Activit\u00e9s d'\u00e9t\u00e9<\/span><\/h2>\t\t<\/div>\n\t\t\t\t<\/div>\n\t\t\t\t\t<\/div>\n\t\t<\/div>\n\t\t\t\t<div class=\"elementor-column elementor-col-33 elementor-top-column elementor-element elementor-element-b60df32\" data-id=\"b60df32\" data-element_type=\"column\">\n\t\t\t<div class=\"elementor-widget-wrap elementor-element-populated\">\n\t\t\t\t\t\t<div class=\"elementor-element elementor-element-9a65aaa elementor-widget elementor-widget-image\" data-id=\"9a65aaa\" data-element_type=\"widget\" data-widget_type=\"image.default\">\n\t\t\t\t<div class=\"elementor-widget-container\">\n\t\t\t\t\t\t\t\t\t\t\t\t\t\t<a href=\"https:\/\/alpinzentrum.ch\/fr\/activites-dhiver\/\">\n\t\t\t\t\t\t\t<img width=\"800\" height=\"534\" src=\"https:\/\/alpinzentrum.ch\/wp-content\/uploads\/2024\/06\/Winter-1024x683.jpg\" class=\"attachment-large size-large wp-image-2242\" alt=\"\" decoding=\"async\" srcset=\"https:\/\/alpinzentrum.ch\/wp-content\/uploads\/2024\/06\/Winter-1024x683.jpg 1024w, https:\/\/alpinzentrum.ch\/wp-content\/uploads\/2024\/06\/Winter-300x200.jpg 300w, https:\/\/alpinzentrum.ch\/wp-content\/uploads\/2024\/06\/Winter-768x512.jpg 768w, https:\/\/alpinzentrum.ch\/wp-content\/uploads\/2024\/06\/Winter-1536x1025.jpg 1536w, https:\/\/alpinzentrum.ch\/wp-content\/uploads\/2024\/06\/Winter-2048x1366.jpg 2048w\" sizes=\"(max-width: 800px) 100vw, 800px\" \/>\t\t\t\t\t\t\t\t<\/a>\n\t\t\t\t\t\t\t\t\t\t\t\t\t<\/div>\n\t\t\t\t<\/div>\n\t\t\t\t<div class=\"elementor-element elementor-element-272d1e6 elementor-widget elementor-widget-heading\" data-id=\"272d1e6\" data-element_type=\"widget\" data-widget_type=\"heading.default\">\n\t\t\t\t<div class=\"elementor-widget-container\">\n\t\t\t<h2 class=\"elementor-heading-title elementor-size-default\"><span style=\"color: var( --e-global-color-secondary ); font-family: var( --e-global-typography-58453bc-font-family ), Sans-serif; font-size: var( --e-global-typography-58453bc-font-size ); font-weight: var( --e-global-typography-58453bc-font-weight ); background-color: var( --e-global-color-primary );\">Activit\u00e9s d'hiver<\/span><\/h2>\t\t<\/div>\n\t\t\t\t<\/div>\n\t\t\t\t\t<\/div>\n\t\t<\/div>\n\t\t\t\t<div class=\"elementor-column elementor-col-33 elementor-top-column elementor-element elementor-element-d201a3c\" data-id=\"d201a3c\" data-element_type=\"column\">\n\t\t\t<div class=\"elementor-widget-wrap elementor-element-populated\">\n\t\t\t\t\t\t<div class=\"elementor-element elementor-element-57ad448 elementor-widget elementor-widget-image\" data-id=\"57ad448\" data-element_type=\"widget\" data-widget_type=\"image.default\">\n\t\t\t\t<div class=\"elementor-widget-container\">\n\t\t\t\t\t\t\t\t\t\t\t\t\t\t<a href=\"https:\/\/alpinzentrum.ch\/fr\/team-events\/\">\n\t\t\t\t\t\t\t<img width=\"800\" height=\"534\" src=\"https:\/\/alpinzentrum.ch\/wp-content\/uploads\/2024\/06\/Team-1024x683.jpg\" class=\"attachment-large size-large wp-image-2248\" alt=\"\" decoding=\"async\" srcset=\"https:\/\/alpinzentrum.ch\/wp-content\/uploads\/2024\/06\/Team-1024x683.jpg 1024w, https:\/\/alpinzentrum.ch\/wp-content\/uploads\/2024\/06\/Team-300x200.jpg 300w, https:\/\/alpinzentrum.ch\/wp-content\/uploads\/2024\/06\/Team-768x512.jpg 768w, https:\/\/alpinzentrum.ch\/wp-content\/uploads\/2024\/06\/Team-1536x1024.jpg 1536w, https:\/\/alpinzentrum.ch\/wp-content\/uploads\/2024\/06\/Team-2048x1366.jpg 2048w\" sizes=\"(max-width: 800px) 100vw, 800px\" \/>\t\t\t\t\t\t\t\t<\/a>\n\t\t\t\t\t\t\t\t\t\t\t\t\t<\/div>\n\t\t\t\t<\/div>\n\t\t\t\t<div class=\"elementor-element elementor-element-60a1019 elementor-widget elementor-widget-heading\" data-id=\"60a1019\" data-element_type=\"widget\" data-widget_type=\"heading.default\">\n\t\t\t\t<div class=\"elementor-widget-container\">\n\t\t\t<h2 class=\"elementor-heading-title elementor-size-default\">Team Events<\/h2>\t\t<\/div>\n\t\t\t\t<\/div>\n\t\t\t\t\t<\/div>\n\t\t<\/div>\n\t\t\t\t\t<\/div>\n\t\t<\/section>\n\t\t\t\t<section class=\"elementor-section elementor-top-section elementor-element elementor-element-2ce60e95 elementor-section-boxed elementor-section-height-default elementor-section-height-default\" data-id=\"2ce60e95\" data-element_type=\"section\">\n\t\t\t\t\t\t<div class=\"elementor-container elementor-column-gap-default\">\n\t\t\t\t\t<div class=\"elementor-column elementor-col-100 elementor-top-column elementor-element elementor-element-f546ed6\" data-id=\"f546ed6\" data-element_type=\"column\">\n\t\t\t<div class=\"elementor-widget-wrap elementor-element-populated\">\n\t\t\t\t\t\t<div class=\"elementor-element elementor-element-a3adb14 elementor-widget elementor-widget-spacer\" data-id=\"a3adb14\" data-element_type=\"widget\" data-widget_type=\"spacer.default\">\n\t\t\t\t<div class=\"elementor-widget-container\">\n\t\t\t\t\t<div class=\"elementor-spacer\">\n\t\t\t<div class=\"elementor-spacer-inner\"><\/div>\n\t\t<\/div>\n\t\t\t\t<\/div>\n\t\t\t\t<\/div>\n\t\t\t\t\t<\/div>\n\t\t<\/div>\n\t\t\t\t\t<\/div>\n\t\t<\/section>\n\t\t\t\t<\/div>\n\t\t","protected":false},"excerpt":{"rendered":"<p>Vivez des aventures avec nous, dans l&rsquo;eau, sur la roche &amp; dans la neige R\u00e9servation N&rsquo;h\u00e9sitez pas \u00e0 nous contacter si vous avez des questions! Alpinzentrum Gstaad est le sp\u00e9cialiste des activit\u00e9s en plein air en Suisse PRINCIPES DE BASE La minimisation du risque est notre principe absolu H\u00d4TES Nous donnons \u00e0 chacun de nos [&hellip;]<\/p>\n","protected":false},"author":1,"featured_media":0,"parent":0,"menu_order":0,"comment_status":"closed","ping_status":"closed","template":"elementor_header_footer","meta":[],"_links":{"self":[{"href":"https:\/\/alpinzentrum.ch\/fr\/wp-json\/wp\/v2\/pages\/2225"}],"collection":[{"href":"https:\/\/alpinzentrum.ch\/fr\/wp-json\/wp\/v2\/pages"}],"about":[{"href":"https:\/\/alpinzentrum.ch\/fr\/wp-json\/wp\/v2\/types\/page"}],"author":[{"embeddable":true,"href":"https:\/\/alpinzentrum.ch\/fr\/wp-json\/wp\/v2\/users\/1"}],"replies":[{"embeddable":true,"href":"https:\/\/alpinzentrum.ch\/fr\/wp-json\/wp\/v2\/comments?post=2225"}],"version-history":[{"count":38,"href":"https:\/\/alpinzentrum.ch\/fr\/wp-json\/wp\/v2\/pages\/2225\/revisions"}],"predecessor-version":[{"id":3859,"href":"https:\/\/alpinzentrum.ch\/fr\/wp-json\/wp\/v2\/pages\/2225\/revisions\/3859"}],"wp:attachment":[{"href":"https:\/\/alpinzentrum.ch\/fr\/wp-json\/wp\/v2\/media?parent=2225"}],"curies":[{"name":"wp","href":"https:\/\/api.w.org\/{rel}","templated":true}]}}