{"id":2236,"date":"2023-05-19T15:48:24","date_gmt":"2023-05-19T13:48:24","guid":{"rendered":"https:\/\/alpinzentrum.ch\/team-events\/"},"modified":"2025-04-10T09:37:55","modified_gmt":"2025-04-10T07:37:55","slug":"team-events","status":"publish","type":"page","link":"https:\/\/alpinzentrum.ch\/fr\/team-events\/","title":{"rendered":"Team Events"},"content":{"rendered":"\t\t<div data-elementor-type=\"wp-page\" data-elementor-id=\"2236\" class=\"elementor elementor-2236 elementor-624\" data-elementor-post-type=\"page\">\n\t\t\t\t\t\t<section class=\"elementor-section elementor-top-section elementor-element elementor-element-3eeacf5 elementor-section-boxed elementor-section-height-default elementor-section-height-default\" data-id=\"3eeacf5\" data-element_type=\"section\" data-settings=\"{&quot;background_background&quot;:&quot;classic&quot;}\">\n\t\t\t\t\t\t\t<div class=\"elementor-background-overlay\"><\/div>\n\t\t\t\t\t\t\t<div class=\"elementor-container elementor-column-gap-default\">\n\t\t\t\t\t<div class=\"elementor-column elementor-col-100 elementor-top-column elementor-element elementor-element-644d3863\" data-id=\"644d3863\" data-element_type=\"column\">\n\t\t\t<div class=\"elementor-widget-wrap elementor-element-populated\">\n\t\t\t\t\t\t<div class=\"elementor-element elementor-element-3eb89802 elementor-widget elementor-widget-heading\" data-id=\"3eb89802\" data-element_type=\"widget\" data-widget_type=\"heading.default\">\n\t\t\t\t<div class=\"elementor-widget-container\">\n\t\t\t<style>\/*! elementor - v3.22.0 - 26-06-2024 *\/\n.elementor-heading-title{padding:0;margin:0;line-height:1}.elementor-widget-heading .elementor-heading-title[class*=elementor-size-]>a{color:inherit;font-size:inherit;line-height:inherit}.elementor-widget-heading .elementor-heading-title.elementor-size-small{font-size:15px}.elementor-widget-heading .elementor-heading-title.elementor-size-medium{font-size:19px}.elementor-widget-heading .elementor-heading-title.elementor-size-large{font-size:29px}.elementor-widget-heading .elementor-heading-title.elementor-size-xl{font-size:39px}.elementor-widget-heading .elementor-heading-title.elementor-size-xxl{font-size:59px}<\/style><h2 class=\"elementor-heading-title elementor-size-default\">Team Events<\/h2>\t\t<\/div>\n\t\t\t\t<\/div>\n\t\t\t\t\t<\/div>\n\t\t<\/div>\n\t\t\t\t\t<\/div>\n\t\t<\/section>\n\t\t\t\t<section class=\"elementor-section elementor-top-section elementor-element elementor-element-34a29203 elementor-section-boxed elementor-section-height-default elementor-section-height-default\" data-id=\"34a29203\" data-element_type=\"section\">\n\t\t\t\t\t\t<div class=\"elementor-container elementor-column-gap-default\">\n\t\t\t\t\t<div class=\"elementor-column elementor-col-100 elementor-top-column elementor-element elementor-element-27554a91\" data-id=\"27554a91\" data-element_type=\"column\">\n\t\t\t<div class=\"elementor-widget-wrap elementor-element-populated\">\n\t\t\t\t\t\t<div class=\"elementor-element elementor-element-3dad2ba1 premium-blog-align-left elementor-widget elementor-widget-premium-addon-blog\" data-id=\"3dad2ba1\" data-element_type=\"widget\" data-settings=\"{&quot;premium_blog_columns_number&quot;:&quot;100%&quot;,&quot;premium_blog_infinite_scroll&quot;:&quot;yes&quot;,&quot;premium_blog_grid&quot;:&quot;yes&quot;,&quot;premium_blog_layout&quot;:&quot;even&quot;,&quot;premium_blog_columns_number_tablet&quot;:&quot;50%&quot;,&quot;premium_blog_columns_number_mobile&quot;:&quot;100%&quot;,&quot;scroll_to_offset&quot;:&quot;yes&quot;}\" data-widget_type=\"premium-addon-blog.default\">\n\t\t\t\t<div class=\"elementor-widget-container\">\n\t\t\t\n\t\t\t\t\t\t\t<div class=\"premium-blog-filter\">\n\t\t\t<ul class=\"premium-blog-filters-container\">\n\t\t\t\t\t\t\t\t\t<li>\n\t\t\t\t\t\t<a href=\"javascript:;\" class=\"category active\" data-filter=\"*\">\n\t\t\t\t\t\t\tAll\t\t\t\t\t\t<\/a>\n\t\t\t\t\t<\/li>\n\t\t\t\t\t\t\t\t\t\t\t\t\t\t<li>\n\t\t\t\t\t\t\t<a href=\"javascript:;\" class=\"category\" data-filter=\"autres\">\n\t\t\t\t\t\t\t\tAutres\t\t\t\t\t\t\t<\/a>\n\t\t\t\t\t\t<\/li>\n\t\t\t\t\t\t\t\t\t\t<li>\n\t\t\t\t\t\t\t<a href=\"javascript:;\" class=\"category\" data-filter=\"eau-fr\">\n\t\t\t\t\t\t\t\tEau\t\t\t\t\t\t\t<\/a>\n\t\t\t\t\t\t<\/li>\n\t\t\t\t\t\t\t\t\t\t<li>\n\t\t\t\t\t\t\t<a href=\"javascript:;\" class=\"category\" data-filter=\"grimpe-fr\">\n\t\t\t\t\t\t\t\tGrimpe\t\t\t\t\t\t\t<\/a>\n\t\t\t\t\t\t<\/li>\n\t\t\t\t\t\t\t\t\t\t<li>\n\t\t\t\t\t\t\t<a href=\"javascript:;\" class=\"category\" data-filter=\"ski-fr\">\n\t\t\t\t\t\t\t\tSki\t\t\t\t\t\t\t<\/a>\n\t\t\t\t\t\t<\/li>\n\t\t\t\t\t\t\t\t\t\t<li>\n\t\t\t\t\t\t\t<a href=\"javascript:;\" class=\"category\" data-filter=\"snowboard-fr\">\n\t\t\t\t\t\t\t\tSnowboard\t\t\t\t\t\t\t<\/a>\n\t\t\t\t\t\t<\/li>\n\t\t\t\t\t\t\t\t\t\t<li>\n\t\t\t\t\t\t\t<a href=\"javascript:;\" class=\"category\" data-filter=\"teambuilding-fr\">\n\t\t\t\t\t\t\t\tTeambuilding\t\t\t\t\t\t\t<\/a>\n\t\t\t\t\t\t<\/li>\n\t\t\t\t\t\t\t\t\t\t<li>\n\t\t\t\t\t\t\t<a href=\"javascript:;\" class=\"category\" data-filter=\"tour-fr\">\n\t\t\t\t\t\t\t\tTour\t\t\t\t\t\t\t<\/a>\n\t\t\t\t\t\t<\/li>\n\t\t\t\t\t\t\t<\/ul>\n\t\t<\/div>\n\t\t\t\t\t\t<div class=\"premium-blog-wrap  premium-blog-even\" data-page=\"2236\">\n\t\t\t\t\t<div class=\"premium-blog-post-outer-container eau-fr\" data-total=\"7\">\n\t\t\t<div class=\"premium-blog-post-container premium-blog-skin-side\">\n\t\t\t\t\t\t\t\t\t<div class=\"premium-blog-thumb-effect-wrapper\">\n\t\t\t\t\t\t<div class=\"premium-blog-thumbnail-container premium-blog-zoomin-effect\">\n\t\t\t\t\t\t\t<img fetchpriority=\"high\" width=\"2560\" height=\"1707\" src=\"https:\/\/alpinzentrum.ch\/wp-content\/uploads\/2024\/05\/alpinzentrum-canoeing-275-6213-scaled.jpg\" class=\"attachment-full size-full wp-image-3826\" alt=\"\" decoding=\"async\" srcset=\"https:\/\/alpinzentrum.ch\/wp-content\/uploads\/2024\/05\/alpinzentrum-canoeing-275-6213-scaled.jpg 2560w, https:\/\/alpinzentrum.ch\/wp-content\/uploads\/2024\/05\/alpinzentrum-canoeing-275-6213-300x200.jpg 300w, https:\/\/alpinzentrum.ch\/wp-content\/uploads\/2024\/05\/alpinzentrum-canoeing-275-6213-1024x683.jpg 1024w, https:\/\/alpinzentrum.ch\/wp-content\/uploads\/2024\/05\/alpinzentrum-canoeing-275-6213-768x512.jpg 768w, https:\/\/alpinzentrum.ch\/wp-content\/uploads\/2024\/05\/alpinzentrum-canoeing-275-6213-1536x1024.jpg 1536w, https:\/\/alpinzentrum.ch\/wp-content\/uploads\/2024\/05\/alpinzentrum-canoeing-275-6213-2048x1365.jpg 2048w\" sizes=\"(max-width: 2560px) 100vw, 2560px\" \/>\t\t\t\t\t\t<\/div>\n\t\t\t\t\t\t\t\t\t\t\t\t\t<div class=\"premium-blog-thumbnail-overlay\">\n\t\t\t\t\t\t\t\t<a class=\"elementor-icon\" href=\"https:\/\/alpinzentrum.ch\/fr\/kanu-abenteuer\/\" target=\"_self\" aria-hidden=\"true\"><span>Kanu Abenteuer<\/span><\/a>\n\t\t\t\t\t\t\t<\/div>\n\n\t\t\t\t\t\t\t\t\t\t\t\t\t\t\t\t\t\t<\/div>\n\t\t\t\t\t\t\t\t\t\t\t\t<div class=\"premium-blog-content-wrapper \">\n\n\t\t\t\t\t<div class=\"premium-blog-inner-container\">\n\n\t\t\t\t\t\t\t\t\t\t\t\t\t<div class=\"premium-blog-cats-container\">\n\t\t\t\t\t\t\t\t<ul class=\"post-categories\">\n\t\t\t\t\t\t\t\t\t<li><a href=\"https:\/\/alpinzentrum.ch\/fr\/category\/eau-fr\/\" class=\"elementor-repeater-item-39e9084\">Eau<\/a><\/li>\t\t\t\t\t\t\t\t<\/ul>\n\t\t\t\t\t\t\t<\/div>\n\t\t\t\t\t\t\t\t\t\t\t\t\t\t<h2 class=\"premium-blog-entry-title\">\n\t\t\t<a href=\"https:\/\/alpinzentrum.ch\/fr\/kanu-abenteuer\/\" target=\"_self\">\n\t\t\t\tKanu Abenteuer\t\t\t<\/a>\n\t\t<\/h2>\n\t\t\t\t<div class=\"premium-blog-entry-meta\">\n\t\t\t\n\t\t\t\n\t\t\t\n\t\t\t\t\t<\/div>\n\t\t\n\t\t\t\t\t<\/div>\n\n\t\t\t\t\t\t\t<div class=\"premium-blog-content-inner-wrapper\">\n\t\t<p class=\"premium-blog-post-content\">KANU ABENTEUER Une randonn\u00e9e en cano\u00eb est une exp\u00e9rience estival amusante pour tout le monde. Profitez du calme et de l&rsquo;isolation offert par la nature. INFORMATIONS: Berner Oberland ou Pays d&rsquo;Enhaut Conditions \u00e0 remplir: D\u00e8s 8 ans Savoir nager Dur\u00e9e: 3 &#8211; 4 heures Horaires: Entre 08.00h &#8211; 12.00h ou 13.30h &#8211; 17.30h Point de [&hellip;]<\/p><div class=\"premium-blog-excerpt-link-wrap\"><a href=\"https:\/\/alpinzentrum.ch\/fr\/kanu-abenteuer\/\" target=\"_self\" class=\"premium-blog-excerpt-link elementor-button\">Plus d'infos<\/a><\/div>\t\t<\/div>\n\t\t\t\t\t\t\t\n\t\t\t\t<\/div>\n\t\t\t<\/div>\n\t\t<\/div>\n\n\t\t\t\t<div class=\"premium-blog-post-outer-container eau-fr teambuilding-fr\" data-total=\"7\">\n\t\t\t<div class=\"premium-blog-post-container premium-blog-skin-side\">\n\t\t\t\t\t\t\t\t\t<div class=\"premium-blog-thumb-effect-wrapper\">\n\t\t\t\t\t\t<div class=\"premium-blog-thumbnail-container premium-blog-zoomin-effect\">\n\t\t\t\t\t\t\t<img width=\"2560\" height=\"1707\" src=\"https:\/\/alpinzentrum.ch\/wp-content\/uploads\/2023\/05\/Flossbau-Arnensee-Floss-tragen-scaled.jpg\" class=\"attachment-full size-full wp-image-395\" alt=\"\" decoding=\"async\" srcset=\"https:\/\/alpinzentrum.ch\/wp-content\/uploads\/2023\/05\/Flossbau-Arnensee-Floss-tragen-scaled.jpg 2560w, https:\/\/alpinzentrum.ch\/wp-content\/uploads\/2023\/05\/Flossbau-Arnensee-Floss-tragen-300x200.jpg 300w, https:\/\/alpinzentrum.ch\/wp-content\/uploads\/2023\/05\/Flossbau-Arnensee-Floss-tragen-1024x683.jpg 1024w, https:\/\/alpinzentrum.ch\/wp-content\/uploads\/2023\/05\/Flossbau-Arnensee-Floss-tragen-768x512.jpg 768w, https:\/\/alpinzentrum.ch\/wp-content\/uploads\/2023\/05\/Flossbau-Arnensee-Floss-tragen-1536x1024.jpg 1536w, https:\/\/alpinzentrum.ch\/wp-content\/uploads\/2023\/05\/Flossbau-Arnensee-Floss-tragen-2048x1366.jpg 2048w\" sizes=\"(max-width: 2560px) 100vw, 2560px\" \/>\t\t\t\t\t\t<\/div>\n\t\t\t\t\t\t\t\t\t\t\t\t\t<div class=\"premium-blog-thumbnail-overlay\">\n\t\t\t\t\t\t\t\t<a class=\"elementor-icon\" href=\"https:\/\/alpinzentrum.ch\/fr\/construction-de-radeau\/\" target=\"_self\" aria-hidden=\"true\"><span>Construction de radeau<\/span><\/a>\n\t\t\t\t\t\t\t<\/div>\n\n\t\t\t\t\t\t\t\t\t\t\t\t\t\t\t\t\t\t<\/div>\n\t\t\t\t\t\t\t\t\t\t\t\t<div class=\"premium-blog-content-wrapper \">\n\n\t\t\t\t\t<div class=\"premium-blog-inner-container\">\n\n\t\t\t\t\t\t\t\t\t\t\t\t\t<div class=\"premium-blog-cats-container\">\n\t\t\t\t\t\t\t\t<ul class=\"post-categories\">\n\t\t\t\t\t\t\t\t\t<li><a href=\"https:\/\/alpinzentrum.ch\/fr\/category\/eau-fr\/\" class=\"elementor-repeater-item-39e9084\">Eau<\/a><\/li><li><a href=\"https:\/\/alpinzentrum.ch\/fr\/category\/teambuilding-fr\/\" class=\"\">Teambuilding<\/a><\/li>\t\t\t\t\t\t\t\t<\/ul>\n\t\t\t\t\t\t\t<\/div>\n\t\t\t\t\t\t\t\t\t\t\t\t\t\t<h2 class=\"premium-blog-entry-title\">\n\t\t\t<a href=\"https:\/\/alpinzentrum.ch\/fr\/construction-de-radeau\/\" target=\"_self\">\n\t\t\t\tConstruction de radeau\t\t\t<\/a>\n\t\t<\/h2>\n\t\t\t\t<div class=\"premium-blog-entry-meta\">\n\t\t\t\n\t\t\t\n\t\t\t\n\t\t\t\t\t<\/div>\n\t\t\n\t\t\t\t\t<\/div>\n\n\t\t\t\t\t\t\t<div class=\"premium-blog-content-inner-wrapper\">\n\t\t<p class=\"premium-blog-post-content\">CONSTRUCTION DE RADEAU Ensemble, \u00e0 partir de tonneaux, planches et cordes votre groupe doit construire un radeau capable de flotter. Comme r\u00e9compense pour leur implication, les participants pourront profiter d\u2019un tour romantique sur un plan d\u2019eau tel que lac ou rivi\u00e8re. Si les apprentis matelots le souhaitent, un ap\u00e9ro sera servi sur l\u2019embarcation par votre [&hellip;]<\/p><div class=\"premium-blog-excerpt-link-wrap\"><a href=\"https:\/\/alpinzentrum.ch\/fr\/construction-de-radeau\/\" target=\"_self\" class=\"premium-blog-excerpt-link elementor-button\">Plus d'infos<\/a><\/div>\t\t<\/div>\n\t\t\t\t\t\t\t\n\t\t\t\t<\/div>\n\t\t\t<\/div>\n\t\t<\/div>\n\n\t\t\t\t<div class=\"premium-blog-post-outer-container eau-fr\" data-total=\"7\">\n\t\t\t<div class=\"premium-blog-post-container premium-blog-skin-side\">\n\t\t\t\t\t\t\t\t\t<div class=\"premium-blog-thumb-effect-wrapper\">\n\t\t\t\t\t\t<div class=\"premium-blog-thumbnail-container premium-blog-zoomin-effect\">\n\t\t\t\t\t\t\t<img width=\"2560\" height=\"1707\" src=\"https:\/\/alpinzentrum.ch\/wp-content\/uploads\/2024\/05\/Canyoning-Zweisimmen-Rutsche-vorwaerts-Querformat-scaled.jpg\" class=\"attachment-full size-full wp-image-1980\" alt=\"\" decoding=\"async\" srcset=\"https:\/\/alpinzentrum.ch\/wp-content\/uploads\/2024\/05\/Canyoning-Zweisimmen-Rutsche-vorwaerts-Querformat-scaled.jpg 2560w, https:\/\/alpinzentrum.ch\/wp-content\/uploads\/2024\/05\/Canyoning-Zweisimmen-Rutsche-vorwaerts-Querformat-300x200.jpg 300w, https:\/\/alpinzentrum.ch\/wp-content\/uploads\/2024\/05\/Canyoning-Zweisimmen-Rutsche-vorwaerts-Querformat-1024x683.jpg 1024w, https:\/\/alpinzentrum.ch\/wp-content\/uploads\/2024\/05\/Canyoning-Zweisimmen-Rutsche-vorwaerts-Querformat-768x512.jpg 768w, https:\/\/alpinzentrum.ch\/wp-content\/uploads\/2024\/05\/Canyoning-Zweisimmen-Rutsche-vorwaerts-Querformat-1536x1024.jpg 1536w, https:\/\/alpinzentrum.ch\/wp-content\/uploads\/2024\/05\/Canyoning-Zweisimmen-Rutsche-vorwaerts-Querformat-2048x1366.jpg 2048w\" sizes=\"(max-width: 2560px) 100vw, 2560px\" \/>\t\t\t\t\t\t<\/div>\n\t\t\t\t\t\t\t\t\t\t\t\t\t<div class=\"premium-blog-thumbnail-overlay\">\n\t\t\t\t\t\t\t\t<a class=\"elementor-icon\" href=\"https:\/\/alpinzentrum.ch\/fr\/canyoning\/\" target=\"_self\" aria-hidden=\"true\"><span>Canyoning<\/span><\/a>\n\t\t\t\t\t\t\t<\/div>\n\n\t\t\t\t\t\t\t\t\t\t\t\t\t\t\t\t\t\t<\/div>\n\t\t\t\t\t\t\t\t\t\t\t\t<div class=\"premium-blog-content-wrapper \">\n\n\t\t\t\t\t<div class=\"premium-blog-inner-container\">\n\n\t\t\t\t\t\t\t\t\t\t\t\t\t<div class=\"premium-blog-cats-container\">\n\t\t\t\t\t\t\t\t<ul class=\"post-categories\">\n\t\t\t\t\t\t\t\t\t<li><a href=\"https:\/\/alpinzentrum.ch\/fr\/category\/eau-fr\/\" class=\"elementor-repeater-item-39e9084\">Eau<\/a><\/li>\t\t\t\t\t\t\t\t<\/ul>\n\t\t\t\t\t\t\t<\/div>\n\t\t\t\t\t\t\t\t\t\t\t\t\t\t<h2 class=\"premium-blog-entry-title\">\n\t\t\t<a href=\"https:\/\/alpinzentrum.ch\/fr\/canyoning\/\" target=\"_self\">\n\t\t\t\tCanyoning\t\t\t<\/a>\n\t\t<\/h2>\n\t\t\t\t<div class=\"premium-blog-entry-meta\">\n\t\t\t\n\t\t\t\n\t\t\t\n\t\t\t\t\t<\/div>\n\t\t\n\t\t\t\t\t<\/div>\n\n\t\t\t\t\t\t\t<div class=\"premium-blog-content-inner-wrapper\">\n\t\t<p class=\"premium-blog-post-content\">CANYONING D\u00e9couvre de mani\u00e8re ludique les gorges profond\u00e9ment creus\u00e9es de nos torrents de montagne. Franchis de petites cascades, saute des piscines bleues et laisse-toi porter vers la vall\u00e9e par les eaux vives. INFORMATIONS: Canyoning La Tine Conditions \u00e0 remplir: D\u00e9butant D\u00e8s 12 ans Savoir nager Dur\u00e9e: 3 &#8211; 4 heures Horaires: Entre 08.00h &#8211; 12.00h [&hellip;]<\/p><div class=\"premium-blog-excerpt-link-wrap\"><a href=\"https:\/\/alpinzentrum.ch\/fr\/canyoning\/\" target=\"_self\" class=\"premium-blog-excerpt-link elementor-button\">Plus d'infos<\/a><\/div>\t\t<\/div>\n\t\t\t\t\t\t\t\n\t\t\t\t<\/div>\n\t\t\t<\/div>\n\t\t<\/div>\n\n\t\t\t\t<div class=\"premium-blog-post-outer-container grimpe-fr\" data-total=\"7\">\n\t\t\t<div class=\"premium-blog-post-container premium-blog-skin-side\">\n\t\t\t\t\t\t\t\t\t<div class=\"premium-blog-thumb-effect-wrapper\">\n\t\t\t\t\t\t<div class=\"premium-blog-thumbnail-container premium-blog-zoomin-effect\">\n\t\t\t\t\t\t\t<img loading=\"lazy\" width=\"2560\" height=\"1707\" src=\"https:\/\/alpinzentrum.ch\/wp-content\/uploads\/2024\/05\/alpinzentrum-indianajones-1062-5635-scaled.jpg\" class=\"attachment-full size-full wp-image-2063\" alt=\"\" decoding=\"async\" srcset=\"https:\/\/alpinzentrum.ch\/wp-content\/uploads\/2024\/05\/alpinzentrum-indianajones-1062-5635-scaled.jpg 2560w, https:\/\/alpinzentrum.ch\/wp-content\/uploads\/2024\/05\/alpinzentrum-indianajones-1062-5635-300x200.jpg 300w, https:\/\/alpinzentrum.ch\/wp-content\/uploads\/2024\/05\/alpinzentrum-indianajones-1062-5635-1024x683.jpg 1024w, https:\/\/alpinzentrum.ch\/wp-content\/uploads\/2024\/05\/alpinzentrum-indianajones-1062-5635-768x512.jpg 768w, https:\/\/alpinzentrum.ch\/wp-content\/uploads\/2024\/05\/alpinzentrum-indianajones-1062-5635-1536x1024.jpg 1536w, https:\/\/alpinzentrum.ch\/wp-content\/uploads\/2024\/05\/alpinzentrum-indianajones-1062-5635-2048x1365.jpg 2048w\" sizes=\"(max-width: 2560px) 100vw, 2560px\" \/>\t\t\t\t\t\t<\/div>\n\t\t\t\t\t\t\t\t\t\t\t\t\t<div class=\"premium-blog-thumbnail-overlay\">\n\t\t\t\t\t\t\t\t<a class=\"elementor-icon\" href=\"https:\/\/alpinzentrum.ch\/fr\/via-ferrata-indiana-jones-trail\/\" target=\"_self\" aria-hidden=\"true\"><span>Via Ferrata Indiana Jones Trail<\/span><\/a>\n\t\t\t\t\t\t\t<\/div>\n\n\t\t\t\t\t\t\t\t\t\t\t\t\t\t\t\t\t\t<\/div>\n\t\t\t\t\t\t\t\t\t\t\t\t<div class=\"premium-blog-content-wrapper \">\n\n\t\t\t\t\t<div class=\"premium-blog-inner-container\">\n\n\t\t\t\t\t\t\t\t\t\t\t\t\t<div class=\"premium-blog-cats-container\">\n\t\t\t\t\t\t\t\t<ul class=\"post-categories\">\n\t\t\t\t\t\t\t\t\t<li><a href=\"https:\/\/alpinzentrum.ch\/fr\/category\/grimpe-fr\/\" class=\"elementor-repeater-item-39e9084\">Grimpe<\/a><\/li>\t\t\t\t\t\t\t\t<\/ul>\n\t\t\t\t\t\t\t<\/div>\n\t\t\t\t\t\t\t\t\t\t\t\t\t\t<h2 class=\"premium-blog-entry-title\">\n\t\t\t<a href=\"https:\/\/alpinzentrum.ch\/fr\/via-ferrata-indiana-jones-trail\/\" target=\"_self\">\n\t\t\t\tVia Ferrata Indiana Jones Trail\t\t\t<\/a>\n\t\t<\/h2>\n\t\t\t\t<div class=\"premium-blog-entry-meta\">\n\t\t\t\n\t\t\t\n\t\t\t\n\t\t\t\t\t<\/div>\n\t\t\n\t\t\t\t\t<\/div>\n\n\t\t\t\t\t\t\t<div class=\"premium-blog-content-inner-wrapper\">\n\t\t<p class=\"premium-blog-post-content\">INDIANA JONES TRAIL Sur l&rsquo;Indiana Jones Trail, ton d&rsquo;adr\u00e9naline monte. Vivez des heures d&rsquo;aventure autour du Hornberg, qui offre l&rsquo;une des plus belles vues du Saanenland. Qu&rsquo;il s&rsquo;agisse de venir \u00e0 bout de la Via Ferrata, de franchir la tyrolienne ou de descendre en rappel une paroi rocheuse de 30 m\u00e8tres de haut, le plaisir [&hellip;]<\/p><div class=\"premium-blog-excerpt-link-wrap\"><a href=\"https:\/\/alpinzentrum.ch\/fr\/via-ferrata-indiana-jones-trail\/\" target=\"_self\" class=\"premium-blog-excerpt-link elementor-button\">Plus d'infos<\/a><\/div>\t\t<\/div>\n\t\t\t\t\t\t\t\n\t\t\t\t<\/div>\n\t\t\t<\/div>\n\t\t<\/div>\n\n\t\t\t\t<\/div>\n\n\t\t\t\t<\/div>\n\t\t\t\t<\/div>\n\t\t\t\t\t<\/div>\n\t\t<\/div>\n\t\t\t\t\t<\/div>\n\t\t<\/section>\n\t\t\t\t<section class=\"elementor-section elementor-top-section elementor-element elementor-element-97333f5 elementor-section-boxed elementor-section-height-default elementor-section-height-default\" data-id=\"97333f5\" data-element_type=\"section\">\n\t\t\t\t\t\t<div class=\"elementor-container elementor-column-gap-default\">\n\t\t\t\t\t<div class=\"elementor-column elementor-col-100 elementor-top-column elementor-element elementor-element-aa65ca9\" data-id=\"aa65ca9\" data-element_type=\"column\">\n\t\t\t<div class=\"elementor-widget-wrap\">\n\t\t\t\t\t\t\t<\/div>\n\t\t<\/div>\n\t\t\t\t\t<\/div>\n\t\t<\/section>\n\t\t\t\t<\/div>\n\t\t","protected":false},"excerpt":{"rendered":"<p>All Autres Eau Grimpe Ski Snowboard Teambuilding Tour River Rafting Eau River Rafting RIVER RAFTING Au point de d\u00e9part &#8211; notre base \u00e0 Saanen &#8211; nous commen\u00e7ons notre aventure. Pour la descente sur la rivi\u00e8re, l&#8217;esprit d&#8217;\u00e9quipe, la confiance et la coordination sont n\u00e9cessaires. Les amoureux de la nature trouveront leur compte sur la Sarine. [&hellip;]<\/p>\n","protected":false},"author":2,"featured_media":0,"parent":0,"menu_order":0,"comment_status":"closed","ping_status":"closed","template":"elementor_header_footer","meta":[],"_links":{"self":[{"href":"https:\/\/alpinzentrum.ch\/fr\/wp-json\/wp\/v2\/pages\/2236"}],"collection":[{"href":"https:\/\/alpinzentrum.ch\/fr\/wp-json\/wp\/v2\/pages"}],"about":[{"href":"https:\/\/alpinzentrum.ch\/fr\/wp-json\/wp\/v2\/types\/page"}],"author":[{"embeddable":true,"href":"https:\/\/alpinzentrum.ch\/fr\/wp-json\/wp\/v2\/users\/2"}],"replies":[{"embeddable":true,"href":"https:\/\/alpinzentrum.ch\/fr\/wp-json\/wp\/v2\/comments?post=2236"}],"version-history":[{"count":25,"href":"https:\/\/alpinzentrum.ch\/fr\/wp-json\/wp\/v2\/pages\/2236\/revisions"}],"predecessor-version":[{"id":4155,"href":"https:\/\/alpinzentrum.ch\/fr\/wp-json\/wp\/v2\/pages\/2236\/revisions\/4155"}],"wp:attachment":[{"href":"https:\/\/alpinzentrum.ch\/fr\/wp-json\/wp\/v2\/media?parent=2236"}],"curies":[{"name":"wp","href":"https:\/\/api.w.org\/{rel}","templated":true}]}}