{"id":2240,"date":"2023-05-19T15:48:05","date_gmt":"2023-05-19T13:48:05","guid":{"rendered":"https:\/\/alpinzentrum.ch\/activites-dhiver\/"},"modified":"2024-07-05T16:10:54","modified_gmt":"2024-07-05T14:10:54","slug":"activites-dhiver","status":"publish","type":"page","link":"https:\/\/alpinzentrum.ch\/fr\/activites-dhiver\/","title":{"rendered":"Activit\u00e9s d&rsquo;hiver"},"content":{"rendered":"\t\t<div data-elementor-type=\"wp-page\" data-elementor-id=\"2240\" class=\"elementor elementor-2240 elementor-622\" data-elementor-post-type=\"page\">\n\t\t\t\t\t\t<section class=\"elementor-section elementor-top-section elementor-element elementor-element-43b91d7d elementor-section-boxed elementor-section-height-default elementor-section-height-default\" data-id=\"43b91d7d\" data-element_type=\"section\" data-settings=\"{&quot;background_background&quot;:&quot;classic&quot;}\">\n\t\t\t\t\t\t\t<div class=\"elementor-background-overlay\"><\/div>\n\t\t\t\t\t\t\t<div class=\"elementor-container elementor-column-gap-default\">\n\t\t\t\t\t<div class=\"elementor-column elementor-col-100 elementor-top-column elementor-element elementor-element-5e1e7a17\" data-id=\"5e1e7a17\" data-element_type=\"column\">\n\t\t\t<div class=\"elementor-widget-wrap elementor-element-populated\">\n\t\t\t\t\t\t<div class=\"elementor-element elementor-element-41cc7782 elementor-widget elementor-widget-heading\" data-id=\"41cc7782\" data-element_type=\"widget\" data-widget_type=\"heading.default\">\n\t\t\t\t<div class=\"elementor-widget-container\">\n\t\t\t<style>\/*! elementor - v3.22.0 - 26-06-2024 *\/\n.elementor-heading-title{padding:0;margin:0;line-height:1}.elementor-widget-heading .elementor-heading-title[class*=elementor-size-]>a{color:inherit;font-size:inherit;line-height:inherit}.elementor-widget-heading .elementor-heading-title.elementor-size-small{font-size:15px}.elementor-widget-heading .elementor-heading-title.elementor-size-medium{font-size:19px}.elementor-widget-heading .elementor-heading-title.elementor-size-large{font-size:29px}.elementor-widget-heading .elementor-heading-title.elementor-size-xl{font-size:39px}.elementor-widget-heading .elementor-heading-title.elementor-size-xxl{font-size:59px}<\/style><h2 class=\"elementor-heading-title elementor-size-default\">Activit\u00e9s d&rsquo;hiver<\/h2>\t\t<\/div>\n\t\t\t\t<\/div>\n\t\t\t\t\t<\/div>\n\t\t<\/div>\n\t\t\t\t\t<\/div>\n\t\t<\/section>\n\t\t\t\t<section class=\"elementor-section elementor-top-section elementor-element elementor-element-320c9581 elementor-section-boxed elementor-section-height-default elementor-section-height-default\" data-id=\"320c9581\" data-element_type=\"section\">\n\t\t\t\t\t\t<div class=\"elementor-container elementor-column-gap-default\">\n\t\t\t\t\t<div class=\"elementor-column elementor-col-100 elementor-top-column elementor-element elementor-element-4e746927\" data-id=\"4e746927\" data-element_type=\"column\">\n\t\t\t<div class=\"elementor-widget-wrap elementor-element-populated\">\n\t\t\t\t\t\t<div class=\"elementor-element elementor-element-3c9f4a2e premium-blog-align-left elementor-widget elementor-widget-premium-addon-blog\" data-id=\"3c9f4a2e\" data-element_type=\"widget\" data-settings=\"{&quot;premium_blog_columns_number&quot;:&quot;100%&quot;,&quot;premium_blog_infinite_scroll&quot;:&quot;yes&quot;,&quot;premium_blog_grid&quot;:&quot;yes&quot;,&quot;premium_blog_layout&quot;:&quot;even&quot;,&quot;premium_blog_columns_number_tablet&quot;:&quot;50%&quot;,&quot;premium_blog_columns_number_mobile&quot;:&quot;100%&quot;,&quot;scroll_to_offset&quot;:&quot;yes&quot;}\" data-widget_type=\"premium-addon-blog.default\">\n\t\t\t\t<div class=\"elementor-widget-container\">\n\t\t\t\n\t\t\t\t\t\t\t<div class=\"premium-blog-filter\">\n\t\t\t<ul class=\"premium-blog-filters-container\">\n\t\t\t\t\t\t\t\t\t<li>\n\t\t\t\t\t\t<a href=\"javascript:;\" class=\"category active\" data-filter=\"*\">\n\t\t\t\t\t\t\tAll\t\t\t\t\t\t<\/a>\n\t\t\t\t\t<\/li>\n\t\t\t\t\t\t\t\t\t\t\t\t\t\t<li>\n\t\t\t\t\t\t\t<a href=\"javascript:;\" class=\"category\" data-filter=\"glace-fr\">\n\t\t\t\t\t\t\t\tGlace\t\t\t\t\t\t\t<\/a>\n\t\t\t\t\t\t<\/li>\n\t\t\t\t\t\t\t\t\t\t<li>\n\t\t\t\t\t\t\t<a href=\"javascript:;\" class=\"category\" data-filter=\"ski-fr\">\n\t\t\t\t\t\t\t\tSki\t\t\t\t\t\t\t<\/a>\n\t\t\t\t\t\t<\/li>\n\t\t\t\t\t\t\t\t\t\t<li>\n\t\t\t\t\t\t\t<a href=\"javascript:;\" class=\"category\" data-filter=\"snowboard-fr\">\n\t\t\t\t\t\t\t\tSnowboard\t\t\t\t\t\t\t<\/a>\n\t\t\t\t\t\t<\/li>\n\t\t\t\t\t\t\t\t\t\t<li>\n\t\t\t\t\t\t\t<a href=\"javascript:;\" class=\"category\" data-filter=\"tour-fr\">\n\t\t\t\t\t\t\t\tTour\t\t\t\t\t\t\t<\/a>\n\t\t\t\t\t\t<\/li>\n\t\t\t\t\t\t\t<\/ul>\n\t\t<\/div>\n\t\t\t\t\t\t<div class=\"premium-blog-wrap  premium-blog-even\" data-page=\"2240\">\n\t\t\t\t\t<div class=\"premium-blog-post-outer-container ski-fr snowboard-fr tour-fr\" data-total=\"3\">\n\t\t\t<div class=\"premium-blog-post-container premium-blog-skin-side\">\n\t\t\t\t\t\t\t\t\t<div class=\"premium-blog-thumb-effect-wrapper\">\n\t\t\t\t\t\t<div class=\"premium-blog-thumbnail-container premium-blog-zoomin-effect\">\n\t\t\t\t\t\t\t<img fetchpriority=\"high\" width=\"1680\" height=\"2100\" src=\"https:\/\/alpinzentrum.ch\/wp-content\/uploads\/2024\/06\/Heliski-flyby_bearbeitet.jpg\" class=\"attachment-full size-full wp-image-3690\" alt=\"\" decoding=\"async\" srcset=\"https:\/\/alpinzentrum.ch\/wp-content\/uploads\/2024\/06\/Heliski-flyby_bearbeitet.jpg 1680w, https:\/\/alpinzentrum.ch\/wp-content\/uploads\/2024\/06\/Heliski-flyby_bearbeitet-240x300.jpg 240w, https:\/\/alpinzentrum.ch\/wp-content\/uploads\/2024\/06\/Heliski-flyby_bearbeitet-819x1024.jpg 819w, https:\/\/alpinzentrum.ch\/wp-content\/uploads\/2024\/06\/Heliski-flyby_bearbeitet-768x960.jpg 768w, https:\/\/alpinzentrum.ch\/wp-content\/uploads\/2024\/06\/Heliski-flyby_bearbeitet-1229x1536.jpg 1229w, https:\/\/alpinzentrum.ch\/wp-content\/uploads\/2024\/06\/Heliski-flyby_bearbeitet-1638x2048.jpg 1638w\" sizes=\"(max-width: 1680px) 100vw, 1680px\" \/>\t\t\t\t\t\t<\/div>\n\t\t\t\t\t\t\t\t\t\t\t\t\t<div class=\"premium-blog-thumbnail-overlay\">\n\t\t\t\t\t\t\t\t<a class=\"elementor-icon\" href=\"https:\/\/alpinzentrum.ch\/fr\/heliski-freeride\/\" target=\"_self\" aria-hidden=\"true\"><span>Heliski &amp; Freeride<\/span><\/a>\n\t\t\t\t\t\t\t<\/div>\n\n\t\t\t\t\t\t\t\t\t\t\t\t\t\t\t\t\t\t<\/div>\n\t\t\t\t\t\t\t\t\t\t\t\t<div class=\"premium-blog-content-wrapper \">\n\n\t\t\t\t\t<div class=\"premium-blog-inner-container\">\n\n\t\t\t\t\t\t\t\t\t\t\t\t\t<div class=\"premium-blog-cats-container\">\n\t\t\t\t\t\t\t\t<ul class=\"post-categories\">\n\t\t\t\t\t\t\t\t\t<li><a href=\"https:\/\/alpinzentrum.ch\/fr\/category\/ski-fr\/\" class=\"elementor-repeater-item-39e9084\">Ski<\/a><\/li><li><a href=\"https:\/\/alpinzentrum.ch\/fr\/category\/snowboard-fr\/\" class=\"\">Snowboard<\/a><\/li><li><a href=\"https:\/\/alpinzentrum.ch\/fr\/category\/tour-fr\/\" class=\"\">Tour<\/a><\/li>\t\t\t\t\t\t\t\t<\/ul>\n\t\t\t\t\t\t\t<\/div>\n\t\t\t\t\t\t\t\t\t\t\t\t\t\t<h2 class=\"premium-blog-entry-title\">\n\t\t\t<a href=\"https:\/\/alpinzentrum.ch\/fr\/heliski-freeride\/\" target=\"_self\">\n\t\t\t\tHeliski &amp; Freeride\t\t\t<\/a>\n\t\t<\/h2>\n\t\t\t\t<div class=\"premium-blog-entry-meta\">\n\t\t\t\n\t\t\t\n\t\t\t\n\t\t\t\t\t<\/div>\n\t\t\n\t\t\t\t\t<\/div>\n\n\t\t\t\t\t\t\t<div class=\"premium-blog-content-inner-wrapper\">\n\t\t<p class=\"premium-blog-post-content\">HELISKI &amp; FREERIDE Apr\u00e8s quelques minutes, l\u2019h\u00e9licopt\u00e8re vous d\u00e9pose au milieu de nulle part. Les \u00e9poustouflantes descentes alpines feront battre votre coeur plus rapidement. Sur le chemin pour rejoindre la vall\u00e9e, le magnifique panorama des Alpes, la poudreuse ou bien la neige mouill\u00e9e nous \u00e9merveillent. Une aventure inoubliable dont tout le monde se souviendra pendant [&hellip;]<\/p><div class=\"premium-blog-excerpt-link-wrap\"><a href=\"https:\/\/alpinzentrum.ch\/fr\/heliski-freeride\/\" target=\"_self\" class=\"premium-blog-excerpt-link elementor-button\">Plus d'infos<\/a><\/div>\t\t<\/div>\n\t\t\t\t\t\t\t\n\t\t\t\t<\/div>\n\t\t\t<\/div>\n\t\t<\/div>\n\n\t\t\t\t<div class=\"premium-blog-post-outer-container tour-fr\" data-total=\"3\">\n\t\t\t<div class=\"premium-blog-post-container premium-blog-skin-side\">\n\t\t\t\t\t\t\t\t\t<div class=\"premium-blog-thumb-effect-wrapper\">\n\t\t\t\t\t\t<div class=\"premium-blog-thumbnail-container premium-blog-zoomin-effect\">\n\t\t\t\t\t\t\t<img width=\"2560\" height=\"1707\" src=\"https:\/\/alpinzentrum.ch\/wp-content\/uploads\/2024\/06\/Schneeschuh-laufen.jpeg\" class=\"attachment-full size-full wp-image-2542\" alt=\"\" decoding=\"async\" srcset=\"https:\/\/alpinzentrum.ch\/wp-content\/uploads\/2024\/06\/Schneeschuh-laufen.jpeg 2560w, https:\/\/alpinzentrum.ch\/wp-content\/uploads\/2024\/06\/Schneeschuh-laufen-300x200.jpeg 300w, https:\/\/alpinzentrum.ch\/wp-content\/uploads\/2024\/06\/Schneeschuh-laufen-1024x683.jpeg 1024w, https:\/\/alpinzentrum.ch\/wp-content\/uploads\/2024\/06\/Schneeschuh-laufen-768x512.jpeg 768w, https:\/\/alpinzentrum.ch\/wp-content\/uploads\/2024\/06\/Schneeschuh-laufen-1536x1024.jpeg 1536w, https:\/\/alpinzentrum.ch\/wp-content\/uploads\/2024\/06\/Schneeschuh-laufen-2048x1366.jpeg 2048w\" sizes=\"(max-width: 2560px) 100vw, 2560px\" \/>\t\t\t\t\t\t<\/div>\n\t\t\t\t\t\t\t\t\t\t\t\t\t<div class=\"premium-blog-thumbnail-overlay\">\n\t\t\t\t\t\t\t\t<a class=\"elementor-icon\" href=\"https:\/\/alpinzentrum.ch\/fr\/balades-en-raquettes-a-neige\/\" target=\"_self\" aria-hidden=\"true\"><span>Balades en raquettes \u00e0 neige<\/span><\/a>\n\t\t\t\t\t\t\t<\/div>\n\n\t\t\t\t\t\t\t\t\t\t\t\t\t\t\t\t\t\t<\/div>\n\t\t\t\t\t\t\t\t\t\t\t\t<div class=\"premium-blog-content-wrapper \">\n\n\t\t\t\t\t<div class=\"premium-blog-inner-container\">\n\n\t\t\t\t\t\t\t\t\t\t\t\t\t<div class=\"premium-blog-cats-container\">\n\t\t\t\t\t\t\t\t<ul class=\"post-categories\">\n\t\t\t\t\t\t\t\t\t<li><a href=\"https:\/\/alpinzentrum.ch\/fr\/category\/tour-fr\/\" class=\"elementor-repeater-item-39e9084\">Tour<\/a><\/li>\t\t\t\t\t\t\t\t<\/ul>\n\t\t\t\t\t\t\t<\/div>\n\t\t\t\t\t\t\t\t\t\t\t\t\t\t<h2 class=\"premium-blog-entry-title\">\n\t\t\t<a href=\"https:\/\/alpinzentrum.ch\/fr\/balades-en-raquettes-a-neige\/\" target=\"_self\">\n\t\t\t\tBalades en raquettes \u00e0 neige\t\t\t<\/a>\n\t\t<\/h2>\n\t\t\t\t<div class=\"premium-blog-entry-meta\">\n\t\t\t\n\t\t\t\n\t\t\t\n\t\t\t\t\t<\/div>\n\t\t\n\t\t\t\t\t<\/div>\n\n\t\t\t\t\t\t\t<div class=\"premium-blog-content-inner-wrapper\">\n\t\t<p class=\"premium-blog-post-content\">BALADES EN RAQUETTES \u00c0 NEIGE D\u00e8s que les raquettes sont enfil\u00e9es, c&rsquo;est parti ! Tu traverses des champs de neige immacul\u00e9s, des for\u00eats de bouleaux enneig\u00e9s et tu passes devant des cascades gel\u00e9es. Nos guides connaissant bien la r\u00e9gion, te montreront les plus beaux endroits, o\u00f9 tu pourras te reposer dans le calme de la [&hellip;]<\/p><div class=\"premium-blog-excerpt-link-wrap\"><a href=\"https:\/\/alpinzentrum.ch\/fr\/balades-en-raquettes-a-neige\/\" target=\"_self\" class=\"premium-blog-excerpt-link elementor-button\">Plus d'infos<\/a><\/div>\t\t<\/div>\n\t\t\t\t\t\t\t\n\t\t\t\t<\/div>\n\t\t\t<\/div>\n\t\t<\/div>\n\n\t\t\t\t<div class=\"premium-blog-post-outer-container glace-fr tour-fr\" data-total=\"3\">\n\t\t\t<div class=\"premium-blog-post-container premium-blog-skin-side\">\n\t\t\t\t\t\t\t\t\t<div class=\"premium-blog-thumb-effect-wrapper\">\n\t\t\t\t\t\t<div class=\"premium-blog-thumbnail-container premium-blog-zoomin-effect\">\n\t\t\t\t\t\t\t<img width=\"2560\" height=\"2560\" src=\"https:\/\/alpinzentrum.ch\/wp-content\/uploads\/2024\/06\/Glacier-Walk-2-scaled.jpg\" class=\"attachment-full size-full wp-image-3070\" alt=\"\" decoding=\"async\" srcset=\"https:\/\/alpinzentrum.ch\/wp-content\/uploads\/2024\/06\/Glacier-Walk-2-scaled.jpg 2560w, https:\/\/alpinzentrum.ch\/wp-content\/uploads\/2024\/06\/Glacier-Walk-2-300x300.jpg 300w, https:\/\/alpinzentrum.ch\/wp-content\/uploads\/2024\/06\/Glacier-Walk-2-1024x1024.jpg 1024w, https:\/\/alpinzentrum.ch\/wp-content\/uploads\/2024\/06\/Glacier-Walk-2-150x150.jpg 150w, https:\/\/alpinzentrum.ch\/wp-content\/uploads\/2024\/06\/Glacier-Walk-2-768x768.jpg 768w, https:\/\/alpinzentrum.ch\/wp-content\/uploads\/2024\/06\/Glacier-Walk-2-1536x1536.jpg 1536w, https:\/\/alpinzentrum.ch\/wp-content\/uploads\/2024\/06\/Glacier-Walk-2-2048x2048.jpg 2048w\" sizes=\"(max-width: 2560px) 100vw, 2560px\" \/>\t\t\t\t\t\t<\/div>\n\t\t\t\t\t\t\t\t\t\t\t\t\t<div class=\"premium-blog-thumbnail-overlay\">\n\t\t\t\t\t\t\t\t<a class=\"elementor-icon\" href=\"https:\/\/alpinzentrum.ch\/fr\/aventure-sur-le-glacier\/\" target=\"_self\" aria-hidden=\"true\"><span>Aventure sur le glacier<\/span><\/a>\n\t\t\t\t\t\t\t<\/div>\n\n\t\t\t\t\t\t\t\t\t\t\t\t\t\t\t\t\t\t<\/div>\n\t\t\t\t\t\t\t\t\t\t\t\t<div class=\"premium-blog-content-wrapper \">\n\n\t\t\t\t\t<div class=\"premium-blog-inner-container\">\n\n\t\t\t\t\t\t\t\t\t\t\t\t\t<div class=\"premium-blog-cats-container\">\n\t\t\t\t\t\t\t\t<ul class=\"post-categories\">\n\t\t\t\t\t\t\t\t\t<li><a href=\"https:\/\/alpinzentrum.ch\/fr\/category\/glace-fr\/\" class=\"elementor-repeater-item-39e9084\">Glace<\/a><\/li><li><a href=\"https:\/\/alpinzentrum.ch\/fr\/category\/tour-fr\/\" class=\"\">Tour<\/a><\/li>\t\t\t\t\t\t\t\t<\/ul>\n\t\t\t\t\t\t\t<\/div>\n\t\t\t\t\t\t\t\t\t\t\t\t\t\t<h2 class=\"premium-blog-entry-title\">\n\t\t\t<a href=\"https:\/\/alpinzentrum.ch\/fr\/aventure-sur-le-glacier\/\" target=\"_self\">\n\t\t\t\tAventure sur le glacier\t\t\t<\/a>\n\t\t<\/h2>\n\t\t\t\t<div class=\"premium-blog-entry-meta\">\n\t\t\t\n\t\t\t\n\t\t\t\n\t\t\t\t\t<\/div>\n\t\t\n\t\t\t\t\t<\/div>\n\n\t\t\t\t\t\t\t<div class=\"premium-blog-content-inner-wrapper\">\n\t\t<p class=\"premium-blog-post-content\">AVENTURE SUR LE GLACIER \u00c0 d\u00e9couvrir au printemps, en \u00e9t\u00e9, en automne comme en hiver. Avec un avion ou un h\u00e9licopt\u00e8re priv\u00e9, votre groupe rendra une petite visite aux neiges \u00e9ternelles. Ensemble, vous d\u00e9couvrirez le glacier et partirez \u00e0 la rencontre de l\u2019histoire des glace, vieille de plusieurs mill\u00e9naires en vous aventurant au-dessus des crevasses. [&hellip;]<\/p><div class=\"premium-blog-excerpt-link-wrap\"><a href=\"https:\/\/alpinzentrum.ch\/fr\/aventure-sur-le-glacier\/\" target=\"_self\" class=\"premium-blog-excerpt-link elementor-button\">Plus d'infos<\/a><\/div>\t\t<\/div>\n\t\t\t\t\t\t\t\n\t\t\t\t<\/div>\n\t\t\t<\/div>\n\t\t<\/div>\n\n\t\t\t\t<div class=\"premium-blog-post-outer-container glace-fr\" data-total=\"3\">\n\t\t\t<div class=\"premium-blog-post-container premium-blog-skin-side\">\n\t\t\t\t\t\t\t\t\t<div class=\"premium-blog-thumb-effect-wrapper\">\n\t\t\t\t\t\t<div class=\"premium-blog-thumbnail-container premium-blog-zoomin-effect\">\n\t\t\t\t\t\t\t<img loading=\"lazy\" width=\"754\" height=\"435\" src=\"https:\/\/alpinzentrum.ch\/wp-content\/uploads\/2024\/06\/Eisklettern.jpeg\" class=\"attachment-full size-full wp-image-2553\" alt=\"\" decoding=\"async\" srcset=\"https:\/\/alpinzentrum.ch\/wp-content\/uploads\/2024\/06\/Eisklettern.jpeg 754w, https:\/\/alpinzentrum.ch\/wp-content\/uploads\/2024\/06\/Eisklettern-300x173.jpeg 300w\" sizes=\"(max-width: 754px) 100vw, 754px\" \/>\t\t\t\t\t\t<\/div>\n\t\t\t\t\t\t\t\t\t\t\t\t\t<div class=\"premium-blog-thumbnail-overlay\">\n\t\t\t\t\t\t\t\t<a class=\"elementor-icon\" href=\"https:\/\/alpinzentrum.ch\/fr\/escalade-de-glace\/\" target=\"_self\" aria-hidden=\"true\"><span>Escalade de glace<\/span><\/a>\n\t\t\t\t\t\t\t<\/div>\n\n\t\t\t\t\t\t\t\t\t\t\t\t\t\t\t\t\t\t<\/div>\n\t\t\t\t\t\t\t\t\t\t\t\t<div class=\"premium-blog-content-wrapper \">\n\n\t\t\t\t\t<div class=\"premium-blog-inner-container\">\n\n\t\t\t\t\t\t\t\t\t\t\t\t\t<div class=\"premium-blog-cats-container\">\n\t\t\t\t\t\t\t\t<ul class=\"post-categories\">\n\t\t\t\t\t\t\t\t\t<li><a href=\"https:\/\/alpinzentrum.ch\/fr\/category\/glace-fr\/\" class=\"elementor-repeater-item-39e9084\">Glace<\/a><\/li>\t\t\t\t\t\t\t\t<\/ul>\n\t\t\t\t\t\t\t<\/div>\n\t\t\t\t\t\t\t\t\t\t\t\t\t\t<h2 class=\"premium-blog-entry-title\">\n\t\t\t<a href=\"https:\/\/alpinzentrum.ch\/fr\/escalade-de-glace\/\" target=\"_self\">\n\t\t\t\tEscalade de glace\t\t\t<\/a>\n\t\t<\/h2>\n\t\t\t\t<div class=\"premium-blog-entry-meta\">\n\t\t\t\n\t\t\t\n\t\t\t\n\t\t\t\t\t<\/div>\n\t\t\n\t\t\t\t\t<\/div>\n\n\t\t\t\t\t\t\t<div class=\"premium-blog-content-inner-wrapper\">\n\t\t<p class=\"premium-blog-post-content\">ESCALADE DE GLACE L\u2019escalade sur glace sur cascades glac\u00e9es est bien plus qu\u2019une simple imitation de l\u2019escalade sur falaises. L\u2019ascension sur les \u00e9tincelantes cascades et colonnes de glace en \u00e9tant aid\u00e9 uniquement par des crampons et des piolets est une aventure \u00e0 part enti\u00e8re. Il s\u2019agit \u00e9galement d\u2019un premier entra\u00eenement avant d\u2019autres circuits vertigineux et [&hellip;]<\/p><div class=\"premium-blog-excerpt-link-wrap\"><a href=\"https:\/\/alpinzentrum.ch\/fr\/escalade-de-glace\/\" target=\"_self\" class=\"premium-blog-excerpt-link elementor-button\">Plus d'infos<\/a><\/div>\t\t<\/div>\n\t\t\t\t\t\t\t\n\t\t\t\t<\/div>\n\t\t\t<\/div>\n\t\t<\/div>\n\n\t\t\t\t<\/div>\n\n\t\t\t\t<\/div>\n\t\t\t\t<\/div>\n\t\t\t\t\t<\/div>\n\t\t<\/div>\n\t\t\t\t\t<\/div>\n\t\t<\/section>\n\t\t\t\t<\/div>\n\t\t","protected":false},"excerpt":{"rendered":"<p>Ski Ski Ski SKI Bringe deine Ski-Skills auf ein neues Level! Beim Skifahren mit unseren ausgebildete Skilehrern profitierst du von professionellem Coaching und Unterst\u00fctzung. Weitere Info &amp; Buchungen:&nbsp;www.skischulesaanenmoeser.ch Plus d&rsquo;infos Langlauf Ski Langlauf LANGLAUF Du m\u00f6chtest auch im Winter etwas f\u00fcr deine Ausdauer machen? Wie w\u00e4re es mit Langlauf? Entdecke die Loipen in der malerischen [&hellip;]<\/p>\n","protected":false},"author":2,"featured_media":660,"parent":0,"menu_order":0,"comment_status":"closed","ping_status":"closed","template":"elementor_header_footer","meta":[],"_links":{"self":[{"href":"https:\/\/alpinzentrum.ch\/fr\/wp-json\/wp\/v2\/pages\/2240"}],"collection":[{"href":"https:\/\/alpinzentrum.ch\/fr\/wp-json\/wp\/v2\/pages"}],"about":[{"href":"https:\/\/alpinzentrum.ch\/fr\/wp-json\/wp\/v2\/types\/page"}],"author":[{"embeddable":true,"href":"https:\/\/alpinzentrum.ch\/fr\/wp-json\/wp\/v2\/users\/2"}],"replies":[{"embeddable":true,"href":"https:\/\/alpinzentrum.ch\/fr\/wp-json\/wp\/v2\/comments?post=2240"}],"version-history":[{"count":13,"href":"https:\/\/alpinzentrum.ch\/fr\/wp-json\/wp\/v2\/pages\/2240\/revisions"}],"predecessor-version":[{"id":3790,"href":"https:\/\/alpinzentrum.ch\/fr\/wp-json\/wp\/v2\/pages\/2240\/revisions\/3790"}],"wp:featuredmedia":[{"embeddable":true,"href":"https:\/\/alpinzentrum.ch\/fr\/wp-json\/wp\/v2\/media\/660"}],"wp:attachment":[{"href":"https:\/\/alpinzentrum.ch\/fr\/wp-json\/wp\/v2\/media?parent=2240"}],"curies":[{"name":"wp","href":"https:\/\/api.w.org\/{rel}","templated":true}]}}